{"id":7769,"date":"2021-03-14T20:22:10","date_gmt":"2021-03-14T18:22:10","guid":{"rendered":"http:\/\/kruste.selfhost.me\/wordpress\/?page_id=7769"},"modified":"2021-03-16T18:16:53","modified_gmt":"2021-03-16T16:16:53","slug":"region-upington-kgalagadi-transfrontier-park","status":"publish","type":"page","link":"https:\/\/kruste.selfhost.me\/wordpress\/?page_id=7769","title":{"rendered":"Region Upington (Augrabies Falls Nationalpark )"},"content":{"rendered":"<div id=\"pl-7769\"  class=\"panel-layout\" ><div id=\"pg-7769-0\"  class=\"panel-grid panel-no-style\" ><div id=\"pgc-7769-0-0\"  class=\"panel-grid-cell\" ><div id=\"panel-7769-0-0-0\" class=\"so-panel widget widget_black-studio-tinymce widget_black_studio_tinymce panel-first-child\" data-index=\"0\" ><div class=\"textwidget\"><hr \/>\n<p>\u00a0<\/p>\n<\/div><\/div><div id=\"panel-7769-0-0-1\" class=\"so-panel widget widget_text panel-last-child\" data-index=\"1\" >\t\t\t<div class=\"textwidget\"><p>\nAktuelle Zeit in Upington:  20:01 Uhr<br \/>\nZeitzone:  SAST<br \/>\nDie Wettervorhersage f\u00fcr die n\u00e4chsten drei Tage: <\/p>\n<\/div>\n\t\t<\/div><\/div><div id=\"pgc-7769-0-1\"  class=\"panel-grid-cell\" ><div id=\"panel-7769-0-1-0\" class=\"so-panel widget widget_black-studio-tinymce widget_black_studio_tinymce panel-first-child panel-last-child\" data-index=\"2\" ><div class=\"textwidget\"><p><i><\/i><\/p>\n<div class='weather-atlas-wrapper' style='background:#FF9100;border:1px solid #ee8000;color:#fff;'>\n<div class='weather-atlas-header' style='border-bottom:1px solid #ee8000'>Upington, ZA<\/div>\n<div class='weather-atlas-body'>\n<div class='current_horizontal'>\n<div class='current_temp'><i class='wi wi-fw wi-weather-33'><\/i><span class='temp'>19\u00b0<\/span>\n<div class='current_text'>Leicht<\/div>\n<div class='sunrise_sunset'>06:47<i class='wi wi-fw wi-weather-32'><\/i>18:27 SAST<\/div>\n<\/div>\n<p><span class='current_text_2'>Gef\u00fchlt: 19<small>\u00b0C<\/small><br \/>Wind: 3<small>km\/h<\/small> SSW<br \/>Feuchtigkeit: 54<small>%<\/small><br \/>Druck: 1019.98<small>mbar<\/small><br \/>UV-Index: 0<\/span><\/p><\/div>\n<div class='hourly hours' style='border-bottom:1px solid #ee8000'><span class='extended_hour extended_hour_1'>22<small>h<\/small><\/span><span class='extended_hour extended_hour_2'>23<small>h<\/small><\/span><span class='extended_hour extended_hour_3'>0<small>h<\/small><\/span><span class='extended_hour extended_hour_4'>1<small>h<\/small><\/span><span class='extended_hour extended_hour_5'>2<small>h<\/small><\/span><\/div>\n<div class='hourly'><span class='extended_hour extended_hour_1' title='Meist Klar'>17<small>\u00b0C<\/small><br \/><i class='wi wi-fw wi-weather-33'><\/i><\/span><span class='extended_hour extended_hour_2' title='Klar'>16<small>\u00b0C<\/small><br \/><i class='wi wi-fw wi-weather-31'><\/i><\/span><span class='extended_hour extended_hour_3' title='Klar'>16<small>\u00b0C<\/small><br \/><i class='wi wi-fw wi-weather-31'><\/i><\/span><span class='extended_hour extended_hour_4' title='Klar'>15<small>\u00b0C<\/small><br \/><i class='wi wi-fw wi-weather-31'><\/i><\/span><span class='extended_hour extended_hour_5' title='Klar'>15<small>\u00b0C<\/small><br \/><i class='wi wi-fw wi-weather-31'><\/i><\/span><\/div>\n<div class='daily days' style='border-bottom:1px solid #ee8000'><span class='extended_day extended_day_1'>Di.<\/span><span class='extended_day extended_day_2'>Mi.<\/span><span class='extended_day extended_day_3'>Do.<\/span><\/div>\n<div class='daily'><span class='extended_day extended_day_1' title='Meist Sonnig'>32<small>\u00b0C<\/small> \/ 19<small>\u00b0C<\/small><br \/><i class='wi wi-fw wi-weather-34'><\/i><\/span><span class='extended_day extended_day_2' title='Nachm. Gewitter'>29<small>\u00b0C<\/small> \/ 17<small>\u00b0C<\/small><br \/><i class='wi wi-fw wi-weather-38'><\/i><\/span><span class='extended_day extended_day_3' title='Teilweise Bew\u00f6lkt'>29<small>\u00b0C<\/small> \/ 17<small>\u00b0C<\/small><br \/><i class='wi wi-fw wi-weather-30'><\/i><\/span><\/div>\n<\/div>\n<div class='weather-atlas-footer' style='border-top:1px solid #ee8000'><a href='https:\/\/www.weather-atlas.com\/en\/south-africa\/upington-climate' title='Upington, ZA - Klima' style='color:#fff'><span class='weather-atlas-footer-block'>Upington, ZA<\/span> klima &#9656;<\/a><\/div>\n<\/div>\n<p><\/p>\n<\/div><\/div><\/div><\/div><div id=\"pg-7769-1\"  class=\"panel-grid panel-no-style\" ><div id=\"pgc-7769-1-0\"  class=\"panel-grid-cell\" ><div id=\"panel-7769-1-0-0\" class=\"so-panel widget widget_black-studio-tinymce widget_black_studio_tinymce panel-first-child\" data-index=\"3\" ><div class=\"textwidget\"><hr \/>\n<p>&nbsp;<\/p>\n<\/div><\/div><div id=\"panel-7769-1-0-1\" class=\"so-panel widget widget_black-studio-tinymce widget_black_studio_tinymce\" data-index=\"4\" ><div class=\"textwidget\"><p>In diese Region h\u00e4tte es mich eigentlich nicht verschlagen aber wie so oft gibt es Dinge im Leben, die sich \u00e4ndern. Upington habe ich mir als kleinen Ort und als Tor zum\u00a0Kgalagadi Transfrontier Park (KTP) vorgestellt welchen ich hier eigentlich besuchen wollte, aber weit gefehlt.<\/p>\n<p>Upington ist ein Weinanbaugebiet um den\u00a0Orange River und hat z.B. mit den Augrabies Falls viel zu bieten. Es leben fast 80.000 Menschen in dieser Region\u00a0und es wundert mich, wie gr\u00fcn es dort\u00a0doch ist.<\/p>\n<p>Als Stopp vor meinen\u00a0Reisen in den <a href=\"http:\/\/kruste.selfhost.me\/wordpress\/?page_id=7663\" target=\"_blank\" rel=\"noopener\">Kgalagadi Transfrontier Park<\/a> halte ich in Upington ( im Ort Keimoes ) gerne f\u00fcr ein oder zwei N\u00e4chte um Proviant f\u00fcr den KTP\u00a0zu kaufen ( der Spar Markt ist riesig und hat ein sehr gutes Sortiment ) \u00a0aber auch um die Augrabies Falls zu besuchen und um erst einmal richtig in Afrika anzukommen.<\/p>\n<p>Upington ist leicht (jedoch teuer) per Flugzeug zu erreichen, doch die gut ausgebaute Stra\u00dfe (N14) machen auch eine\u00a0Anreise per Auto ab Johannesburg m\u00f6glich obwohl die 800 Kilometer nicht ohne \u00dcbernachtungsstopp gefahren werden wollen.<\/p>\n<p>Der wahre Grund f\u00fcr die Reise nach Upington ist f\u00fcr mich\u00a0sicher immer der Besuch des KTP, welcher von hier noch gut 250 Kilometer entfernt ist. Es lohnt sich jedoch eine \u00dcbernachtung im Augrabies Falls Nationalpark einzuplanen.<\/p>\n<\/div><\/div><div id=\"panel-7769-1-0-2\" class=\"so-panel widget widget_text\" data-index=\"5\" >\t\t\t<div class=\"textwidget\"><p><code><\/p>\n<section class=\"parallax-section\">\n<div class=\"parallax-window\" data-z-index=\"0\" data-position-x=\"left\" data-parallax=\"scroll\" data-speed=\".3\" data-image-src=\"http:\/\/kruste.selfhost.me\/wordpress\/wp-content\/uploads\/2021\/03\/SAF_8685.jpg\" style=\"align-items: flex-start;min-height: 550px;\">\n<div class=\"parallax-container parallax-content\">\n<\/div>\n<\/div>\n<\/section>\n<p><\/code><\/p>\n<\/div>\n\t\t<\/div><div id=\"panel-7769-1-0-3\" class=\"so-panel widget widget_black-studio-tinymce widget_black_studio_tinymce panel-last-child\" data-index=\"6\" ><div class=\"textwidget\"><p>Die Augrabies Falls ( Ort des tosenden L\u00e4rms ) :<\/p>\n<p>Entstanden sind die Wasserf\u00e4lle durch den Flu\u00df Oranje, der sich hier ins Gestein gegraben und so eine 60 Meter Tiefe Schlucht geschaffen hat. Gegr\u00fcndet wurde der Nationalpark 1966, nachdem vorab Bedenken wegen der wirtschaftlichen Nutzung des Oranje Fluss ausger\u00e4umt werden konnten. Die F\u00e4lle liegen circa 120 Kilometer westlich der Stadt Upington\u00a0im <a href=\"https:\/\/www.sanparks.org\/parks\/augrabies\/\" target=\"_blank\" rel=\"noopener\">National Park Augrabies Falls<\/a><\/p>\n<p>Der Nationalpark ist mit seinen 880 qkm\u00a0recht \u00fcbersichtlich und die Weg sind gut ( auch ohne 4x4 Fahrzeug ) zu befahren. Da es hier keine Raubkatzen oder Elefanten gibt, ist das Verlassen des Autos gestattet. \u00a0Bei meinen Aufenthalten war es jedoch oft so hei\u00df, dass sogar ich schon mal die Klimaanlage eingeschaltet habe. Ja, auch das gibt es und man sollte es kaum glauben.<\/p>\n<p>Es geht beim Besuch dieses Parks nicht um aussergew\u00f6hnliche Tiersichtungen, obwohl ich mich immer sehr \u00fcber den Malachite Kingfisher freue, sondern mehr um die Landschaft. Der Wasserfall und die Felsformationen haben einfach etwas und ich w\u00fcrde gerne auch einmal sehen, wenn sich richtig viel Wasser seinen Weg durch die Schlucht sucht. Hierf\u00fcr ist jedoch meine Hauptreisezeit ( Sep\/Okt ) nicht die beste Wahl.<\/p>\n<p>&nbsp;<\/p>\n<p>&nbsp;<\/p>\n<p>&nbsp;<\/p>\n<p><span style=\"text-decoration: underline;\">Tipps f\u00fcr die Region:<\/span><\/p>\n<ul>\n<li>Die Unterkunft an der Augrabies Falls wird oft durch deutsche Autofirmen komplett gemietet ( Jan \/ Feb ). Zu dieser Zeit werden in der N\u00e4he Testfahrten ( Geschwindigkeitstest auf der R360 ) absolviert. Zimmer bekommt man dann leider nicht.<\/li>\n<li>Schlangen, Flederm\u00e4use und Skorpione sind keine Seltenheit.<\/li>\n<li>Es gibt teilweise sehr viele Fliegen im Camp<\/li>\n<\/ul>\n<\/div><\/div><\/div><\/div><\/div>","protected":false},"excerpt":{"rendered":"<p>\u00a0 &nbsp; In diese Region h\u00e4tte es mich eigentlich nicht verschlagen aber wie so oft gibt es Dinge im Leben, die sich \u00e4ndern. Upington habe<\/p>\n","protected":false},"author":1,"featured_media":0,"parent":108,"menu_order":0,"comment_status":"closed","ping_status":"closed","template":"","meta":{"footnotes":""},"class_list":["post-7769","page","type-page","status-publish","hentry"],"_links":{"self":[{"href":"https:\/\/kruste.selfhost.me\/wordpress\/index.php?rest_route=\/wp\/v2\/pages\/7769","targetHints":{"allow":["GET"]}}],"collection":[{"href":"https:\/\/kruste.selfhost.me\/wordpress\/index.php?rest_route=\/wp\/v2\/pages"}],"about":[{"href":"https:\/\/kruste.selfhost.me\/wordpress\/index.php?rest_route=\/wp\/v2\/types\/page"}],"author":[{"embeddable":true,"href":"https:\/\/kruste.selfhost.me\/wordpress\/index.php?rest_route=\/wp\/v2\/users\/1"}],"replies":[{"embeddable":true,"href":"https:\/\/kruste.selfhost.me\/wordpress\/index.php?rest_route=%2Fwp%2Fv2%2Fcomments&post=7769"}],"version-history":[{"count":2,"href":"https:\/\/kruste.selfhost.me\/wordpress\/index.php?rest_route=\/wp\/v2\/pages\/7769\/revisions"}],"predecessor-version":[{"id":7779,"href":"https:\/\/kruste.selfhost.me\/wordpress\/index.php?rest_route=\/wp\/v2\/pages\/7769\/revisions\/7779"}],"up":[{"embeddable":true,"href":"https:\/\/kruste.selfhost.me\/wordpress\/index.php?rest_route=\/wp\/v2\/pages\/108"}],"wp:attachment":[{"href":"https:\/\/kruste.selfhost.me\/wordpress\/index.php?rest_route=%2Fwp%2Fv2%2Fmedia&parent=7769"}],"curies":[{"name":"wp","href":"https:\/\/api.w.org\/{rel}","templated":true}]}}