{"id":7798,"date":"2021-03-22T19:02:33","date_gmt":"2021-03-22T17:02:33","guid":{"rendered":"http:\/\/kruste.selfhost.me\/wordpress\/?page_id=7798"},"modified":"2021-03-23T09:42:56","modified_gmt":"2021-03-23T07:42:56","slug":"okambara-elephant-lodge-region-windhoek-2-2-3","status":"publish","type":"page","link":"https:\/\/kruste.selfhost.me\/wordpress\/?page_id=7798","title":{"rendered":"Mavunje Camping (Region Caprivi Streifen)"},"content":{"rendered":"<div id=\"pl-7798\"  class=\"panel-layout\" ><div id=\"pg-7798-0\"  class=\"panel-grid panel-no-style\" ><div id=\"pgc-7798-0-0\"  class=\"panel-grid-cell\" ><div id=\"panel-7798-0-0-0\" class=\"so-panel widget widget_black-studio-tinymce widget_black_studio_tinymce panel-first-child panel-last-child\" data-index=\"0\" ><div class=\"textwidget\"><div class=\"style_SkipStroke_2 shape-with-text flowDefining\">\n<div class=\"text-content style_External_485_494\">\n<div class=\"style\"><span style=\"color: #000000;\">\u00a0<\/span><\/div>\n<div class=\"style\">\n<div class=\"style\">\n<hr \/>\n<p>&nbsp;<\/p>\n<p><span style=\"color: #000000;\">Auf die <a href=\"http:\/\/www.mashiriversafaris.com\/location.html\" target=\"_blank\" rel=\"noopener\">Mavunje Campsite<\/a> bin ich eigentlich nur durch die vielen positiven\u00a0Bereich \u00fcber\u00a0Dan Stephens gesto\u00dfen. Dan ist ein geb\u00fcrtiger Engl\u00e4nder, der Touren durch den Caprivi Streifen anbietet und viel Lob \u00fcber sein Wissen erh\u00e4lt.<\/span><\/p>\n<p>Da dachte ich mir, der Typ w\u00e4re doch sicher ein guter Anlaufpunkt um die Gegend um den Kwando kennenzulernen und eventuell ein paare Tipps \u00fcber den Aufenthalt der lokalen Wildhunde zu bekommen. Den ersten Kontakt zu Dan hatte ich jedoch nicht wegen der Guten Kenntnisse des Buschlands, nein Dan kannte den einzigen Mechaniker in Kongola, welcher sich des defekten LandRover annehmen konnte. So brachte uns das defekte Auto ins Gespr\u00e4ch und ich buchte eine Nacht die Mavunje Camsite.<\/p>\n<p>Alle Stellpl\u00e4tze bieten einen sch\u00f6nen Blick auf den Fluss, haben einen eigenen kleinen Essbereich und ein eigenes Bad. Warmes Wasser gibt es \u00fcber einen Holzofen und so kann man sich hier wohlf\u00fchlen. Stress oder gar Hektik kann einfach nicht aufkommen und der Blick auf die kleine Ausbuchtung im Fluss in der sich die Flusspferde aufhalten, l\u00e4dt zum Verweilen beim Sonnenuntergang nur so ein. Mir hat hat es f\u00fcr eine \u00dcbernachtung richtig gut gefallen und das eigentliche Highlight war die Bootstour \u00fcber den Kwando.<\/p>\n<p>&nbsp;<\/p>\n<hr \/>\n<p>&nbsp;<\/p><\/div>\n<\/div>\n<\/div>\n<\/div>\n<\/div><\/div><\/div><div id=\"pgc-7798-0-1\"  class=\"panel-grid-cell\" ><div id=\"panel-7798-0-1-0\" class=\"so-panel widget widget_black-studio-tinymce widget_black_studio_tinymce panel-first-child panel-last-child\" data-index=\"1\" ><div class=\"textwidget\"><p><img loading=\"lazy\" decoding=\"async\" class=\"aligncenter  wp-image-7800\" src=\"http:\/\/kruste.selfhost.me\/wordpress\/wp-content\/uploads\/2021\/03\/20201205_150351.jpg\" alt=\"\" width=\"728\" height=\"1166\" srcset=\"https:\/\/kruste.selfhost.me\/wordpress\/wp-content\/uploads\/2021\/03\/20201205_150351.jpg 900w, https:\/\/kruste.selfhost.me\/wordpress\/wp-content\/uploads\/2021\/03\/20201205_150351-187x300.jpg 187w, https:\/\/kruste.selfhost.me\/wordpress\/wp-content\/uploads\/2021\/03\/20201205_150351-640x1024.jpg 640w, https:\/\/kruste.selfhost.me\/wordpress\/wp-content\/uploads\/2021\/03\/20201205_150351-94x150.jpg 94w, https:\/\/kruste.selfhost.me\/wordpress\/wp-content\/uploads\/2021\/03\/20201205_150351-768x1230.jpg 768w, https:\/\/kruste.selfhost.me\/wordpress\/wp-content\/uploads\/2021\/03\/20201205_150351-480x768.jpg 480w\" sizes=\"auto, (max-width: 728px) 100vw, 728px\" \/><\/p>\n<\/div><\/div><\/div><\/div><div id=\"pg-7798-1\"  class=\"panel-grid panel-no-style\" ><div id=\"pgc-7798-1-0\"  class=\"panel-grid-cell\" ><div id=\"panel-7798-1-0-0\" class=\"so-panel widget widget_black-studio-tinymce widget_black_studio_tinymce panel-first-child\" data-index=\"2\" ><h3 class=\"widget-title\">Preise:<\/h3><div class=\"textwidget\"><hr \/>\n<p><span style=\"color: #000000;\"><i style=\"font-family: sans-serif; font-variant: normal; line-height: normal;\">\u00dcbernachtung ( Nov 2020 )<\/i><\/span><\/p>\n<ul>\n<li>Camping 270 N$<\/li>\n<li>Bootstour bei einer Person 400 N$<\/li>\n<\/ul>\n<\/div><\/div><div id=\"panel-7798-1-0-1\" class=\"so-panel widget widget_black-studio-tinymce widget_black_studio_tinymce\" data-index=\"3\" ><h3 class=\"widget-title\">Kommunikation:<\/h3><div class=\"textwidget\"><div id=\"id4\" class=\"style_SkipStroke_4 shape-with-text\">\n<div class=\"text-content graphic_textbox_layout_style_default_External_138_130\">\n<div class=\"graphic_textbox_layout_style_default\">\n<hr \/>\n<p class=\"Caption\"><span style=\"color: #000000;\">Telefonieren \u00fcber das Mobilfunknetz war m\u00f6glich.<\/span><\/p>\n<\/div>\n<\/div>\n<\/div>\n<\/div><\/div><div id=\"panel-7798-1-0-2\" class=\"so-panel widget widget_text\" data-index=\"4\" >\t\t\t<div class=\"textwidget\"><section class=\"parallax-section\">\n<div class=\"parallax-window\" data-z-index=\"1\" data-position-x=\"left\" data-parallax=\"scroll\" data-speed=\".3\" data-image-src=\"http:\/\/kruste.selfhost.me\/wordpress\/wp-content\/uploads\/2021\/03\/JEI7282_1.jpg\" style=\"align-items: flex-start;min-height: 650px;\">\n<div class=\"parallax-container parallax-content\">\n<\/div>\n<\/div>\n<\/section>\n<\/div>\n\t\t<\/div><div id=\"panel-7798-1-0-3\" class=\"so-panel widget widget_black-studio-tinymce widget_black_studio_tinymce\" data-index=\"5\" ><h3 class=\"widget-title\">Anreise:<\/h3><div class=\"textwidget\"><hr \/>\n<p style=\"color: #919191;\"><span style=\"color: #000000;\">Mit dem Auto ab Kongola in Richtung S\u00fcden die C49 entlang. Nach circa 12 Kilometern f\u00fchrt auf der rechten Seite ein kleiner Weg zum Camp.\u00a0<\/span><\/p>\n<\/div><\/div><div id=\"panel-7798-1-0-4\" class=\"so-panel widget widget_black-studio-tinymce widget_black_studio_tinymce\" data-index=\"6\" ><h3 class=\"widget-title\">Meine Reisezeiten:<\/h3><div class=\"textwidget\"><hr \/>\n<ul>\n<li>Dezember 2020<\/li>\n<\/ul>\n<p class=\"paragraph_style\">\n<\/p><\/div><\/div><div id=\"panel-7798-1-0-5\" class=\"so-panel widget widget_black-studio-tinymce widget_black_studio_tinymce\" data-index=\"7\" ><h3 class=\"widget-title\">Das Wetter:<\/h3><div class=\"textwidget\"><hr \/>\n<p class=\"paragraph_style\">Dezember 2020<\/p>\n<ul>\n<li>\n<p style=\"color: #919191;\"><span style=\"color: #000000;\">30\u00b0C mit leichter Bew\u00f6lkung. Zeitweise kurze Regenschauer.\u00a0<\/span><\/p>\n<\/li>\n<\/ul>\n<\/div><\/div><div id=\"panel-7798-1-0-6\" class=\"so-panel widget widget_black-studio-tinymce widget_black_studio_tinymce\" data-index=\"8\" ><h3 class=\"widget-title\">Zimmer:<\/h3><div class=\"textwidget\"><hr \/>\n<p style=\"color: #919191;\"><span style=\"color: #000000;\">Camping:<\/span><\/p>\n<ul>\n<li style=\"color: #919191;\"><span style=\"color: #000000;\"><span style=\"color: #000000;\">Ein sauberer Stellplatz mit eigener Dusche \/ Toilette sowie eigenem Grill und \u00fcberdachter Sitzgelegenheit. Alles ist sehr sauber und ein lokaler Guide steht bei Fragen zur Seite.<\/span><\/span><\/li>\n<\/ul>\n<p>&nbsp;<\/p>\n<p>&nbsp;<\/p>\n<p style=\"color: #919191;\">\n<\/p><\/div><\/div><div id=\"panel-7798-1-0-7\" class=\"so-panel widget widget_black-studio-tinymce widget_black_studio_tinymce\" data-index=\"9\" ><div class=\"textwidget\"><p><img loading=\"lazy\" decoding=\"async\" class=\"aligncenter size-full wp-image-7801\" src=\"http:\/\/kruste.selfhost.me\/wordpress\/wp-content\/uploads\/2021\/03\/20201205_184545.jpg\" alt=\"\" width=\"1600\" height=\"757\" srcset=\"https:\/\/kruste.selfhost.me\/wordpress\/wp-content\/uploads\/2021\/03\/20201205_184545.jpg 1600w, https:\/\/kruste.selfhost.me\/wordpress\/wp-content\/uploads\/2021\/03\/20201205_184545-300x142.jpg 300w, https:\/\/kruste.selfhost.me\/wordpress\/wp-content\/uploads\/2021\/03\/20201205_184545-1024x484.jpg 1024w, https:\/\/kruste.selfhost.me\/wordpress\/wp-content\/uploads\/2021\/03\/20201205_184545-150x71.jpg 150w, https:\/\/kruste.selfhost.me\/wordpress\/wp-content\/uploads\/2021\/03\/20201205_184545-768x363.jpg 768w, https:\/\/kruste.selfhost.me\/wordpress\/wp-content\/uploads\/2021\/03\/20201205_184545-1536x727.jpg 1536w\" sizes=\"auto, (max-width: 1600px) 100vw, 1600px\" \/><\/p>\n<\/div><\/div><div id=\"panel-7798-1-0-8\" class=\"so-panel widget widget_black-studio-tinymce widget_black_studio_tinymce\" data-index=\"10\" ><h3 class=\"widget-title\">K\u00fcche \/ Restaurant:<\/h3><div class=\"textwidget\"><hr \/>\n<p><span style=\"color: #000000;\"><span style=\"caret-color: #000000;\">Die letzte Einkaufsm\u00f6glichkeit ist in Kongola. Was hier nicht gekauft wird, landet nicht auf dem Grill.<\/span><\/span><\/p>\n<p>Bitte auch gen\u00fcgend Trinkwasser mitbringen, da in dieser Region das Wasser aus dem \"Hahn\" nicht f\u00fcr unsere M\u00e4gen geeignet ist.<\/p>\n<\/div><\/div><div id=\"panel-7798-1-0-9\" class=\"so-panel widget widget_black-studio-tinymce widget_black_studio_tinymce\" data-index=\"11\" ><h3 class=\"widget-title\">Personal:<\/h3><div class=\"textwidget\"><hr \/>\n\n<span style=\"color: #000000;\"><span style=\"caret-color: #000000;\">Gegen Nachmittag kommt ein lokaler Mitarbeiter welcher sich um die Campsites k\u00fcmmert und der gerne auch auf ein Bier oder zum Abendessen bleibt.\nDas dass Prinzip der Anlage, lokale Menschen am Tourismus teilhaben lassen.<\/span><\/span>\n\n&nbsp;<\/div><\/div><div id=\"panel-7798-1-0-10\" class=\"so-panel widget widget_black-studio-tinymce widget_black_studio_tinymce\" data-index=\"12\" ><h3 class=\"widget-title\">Aktivit\u00e4ten:<\/h3><div class=\"textwidget\"><hr \/>\n<ul>\n<li><span style=\"color: #000000;\"><span style=\"caret-color: #000000;\">Die N\u00e4he zum Flu\u00df genie\u00dfen ( Achtung vor den Flusspferden )<\/span><\/span><\/li>\n<li>Ausfl\u00fcge mit Den in den Busch oder eine Bootsfahrt auf dem Kwando<\/li>\n<li>Fahrt in den Mudumu National Park<\/li>\n<\/ul>\n<\/div><\/div><div id=\"panel-7798-1-0-11\" class=\"so-panel widget widget_black-studio-tinymce widget_black_studio_tinymce\" data-index=\"13\" ><h3 class=\"widget-title\">Mudumu National Park:<\/h3><div class=\"textwidget\"><hr \/>\n<p>Der Mudumu National Park mir seinen 1000 km\u00b2 war f\u00fcr mich leider eine Entt\u00e4uschung. Eventuell habe ich nur nicht die richtigen Wege gefunden aber das glaube ich weniger.<\/p>\n<p>Der Park teil sich in die Bereich westlich und \u00f6stlich der C49 auf, wobei der gro\u00dfe \u00f6stlich Teil nur \u00fcber einen einzigen Weg befahren werden kann. Hier habe ich mich mit meinem Defender circa 5 Kilometer tief in den Park gewagt aber dann bin ich lieber doch zur\u00fcck zur Hauptstra\u00dfe gefahren aber der Reihe nach.<\/p>\n<p>Wer seinen Eintrittsgeld beim Parkw\u00e4chter bezahlt hat, bekommt eine Kopie der Stra\u00dfenkarte und ein paar Tipps, welche Weg befahrbar sind. Da es kurz vor meiner Ankunft doch ergiebige Schauer gab, h\u00f6rte ich den Anweisungen aufmerksam zu. Im Prinzip gab es auch nur wenige Weg im Park und im Notfall einfach dem selben Weg zur\u00fcck, den man gekommen war. Die ersten Kilometer war noch recht einfach und die Landschaft war sch\u00f6n jedoch nicht sehr Tierreich. Spannend wurde es im mittleren Bereich des Parks. Die Wege und Abzweige waren auf der Karte nicht sehr deutlich zu erkennen und immer gr\u00f6\u00dfere und tiefer Wasserstellen machten die Fahrt schon recht anspruchsvoll.<br \/>\nOft hiess es aussteigen und pr\u00fcfen, ob die Wasserstellen nicht zu tief oder der Matsch nicht zu heftig f\u00fcr die Weiterfahrt waren. Nach einigen \"interessanten\" Passagen kam nun auch jene, an der ich den Weg zur\u00fcck nicht mehr antreten wollte. Ich dachte mir hier bist Du jetzt einmal durchgekommen, dass muss kein zweites Mal klappen.<\/p>\n<p>Ich entschloss mich einen Seitenweg in Richtung Hauptstra\u00dfe zu nehmen wohl weisslich, dass hier schon lange keiner mehr langgefahren war. Zum Gl\u00fcck musste ich nur kleine B\u00e4ume aus dem Weg r\u00e4umen und die Umgehungsstrecken um die Wasserstellen herum konnte der Landrover meister. Ein Hoch auf die Bodenfreiheit und den guten Allrad des Fahrzeugs, ohne den ich sicher im Park stecken geblieben w\u00e4re. Mit Hilfe h\u00e4tte ich nicht rechnen k\u00f6nnen, da der letzte Gast auf dem Eintrittsformular vor 3 Tagen hier war und mein Handy zeigte keinen Empfang an. Gl\u00fcck gehabt, danke.<\/p>\n<p>Nach der aufregenden Fahrt durch den westlichen Teil des Park wagte ich mich, wie oben beschrieben, noch kurz in den \u00f6stlichen Teil jedoch mit dem Hintergrundwissen, dass mir hier keiner helfen werden kann. Da die kurze Fahrt auch nicht sehr interessant war, beschloss ich die Fahrt durch den Mudumu National Park zu beenden.<\/p>\n<p>Ach nein, da waren doch noch die drei Campingpl\u00e4tze auf der \u00f6stlichen Seite des Parks, wo vor einigen Jahre ein Ranger von Wilderen umgebracht wurde. Da die Campsites als sehr sch\u00f6n beschrieben wurde versuchte ich noch einen Ausflug zum Flu\u00df. Die Fahrt durch den tiefen Sand machte Spa\u00df aber auch hier freute ich mich \u00fcber den LandRover, mit einem normalen SUV h\u00e4tte ich mich sicher im Sand festgefahren und viel Zeit mit dem Spaten verbringen m\u00fcssen aber so wurde ich mit dem sehr sch\u00f6nen Ausblick auf den Kwango River belohnt. Dies war der einzige Punkt im Park den ich wieder besuchen w\u00fcrde, sonst war der Mudumu National Park nicht f\u00fcr mich.<\/p>\n<p>Eintrittspreis 50 N$ inklusive einer kopierter Stra\u00dfenkarte in schlechter Qualit\u00e4t.<\/p>\n<p>&nbsp;<\/p>\n<p>&nbsp;<\/p>\n<\/div><\/div><div id=\"panel-7798-1-0-12\" class=\"so-panel widget widget_black-studio-tinymce widget_black_studio_tinymce panel-last-child\" data-index=\"14\" ><h3 class=\"widget-title\">Tipps:<\/h3><div class=\"textwidget\"><hr \/>\n<ul>\n<li><span style=\"color: #000000;\">Bootsfahrt auf dem Kwando River<\/span><\/li>\n<li>Gutes Allradfahrzeug f\u00fcr den Mudumu National Park notwendig<\/li>\n<li>Den Abend beim Sonnenuntergang am Campingplatz genie\u00dfen und den Flusspferden zuh\u00f6ren.<\/li>\n<\/ul>\n<\/div><\/div><\/div><\/div><div id=\"pg-7798-2\"  class=\"panel-grid panel-no-style\" ><div id=\"pgc-7798-2-0\"  class=\"panel-grid-cell\" ><div id=\"panel-7798-2-0-0\" class=\"so-panel widget widget_black-studio-tinymce widget_black_studio_tinymce panel-first-child\" data-index=\"15\" ><h3 class=\"widget-title\">Sicherheit:<\/h3><div class=\"textwidget\"><hr \/>\n<p class=\"paragraph_style\">Ich hatte keine Bef\u00fcrchtungen um meine Sicherheit und auch \u00fcber einem Diebstahl machte ich mir in keiner Weise Gedanken.<\/p>\n<\/div><\/div><div id=\"panel-7798-2-0-1\" class=\"so-panel widget widget_black-studio-tinymce widget_black_studio_tinymce\" data-index=\"16\" ><h3 class=\"widget-title\">Klartext:<\/h3><div class=\"textwidget\"><hr \/>\n<p style=\"color: #919191;\"><span style=\"color: #000000;\">Der Mudumu National Park war nicht meins. F\u00fcr einen Tagesausflug sicher OK aber sonst fehlten mir hier die Tiere und die Wege waren wirklich anspruchsvoll ( in der Regenzeit ).<\/span><\/p>\n<p>Ich w\u00fcrde eine Nacht bei Dan verbringen alleine schon wegen der Bootstour \u00fcber den Kwando River. Das war ein H\u00f6hepunkt meiner Reise, danke Dan.<\/p>\n<\/div><\/div><div id=\"panel-7798-2-0-2\" class=\"so-panel widget widget_black-studio-tinymce widget_black_studio_tinymce panel-last-child\" data-index=\"17\" ><div class=\"textwidget\"><p><img loading=\"lazy\" decoding=\"async\" class=\"aligncenter size-full wp-image-7807\" src=\"http:\/\/kruste.selfhost.me\/wordpress\/wp-content\/uploads\/2021\/03\/JEI7792.jpg\" alt=\"\" width=\"1600\" height=\"619\" srcset=\"https:\/\/kruste.selfhost.me\/wordpress\/wp-content\/uploads\/2021\/03\/JEI7792.jpg 1600w, https:\/\/kruste.selfhost.me\/wordpress\/wp-content\/uploads\/2021\/03\/JEI7792-300x116.jpg 300w, https:\/\/kruste.selfhost.me\/wordpress\/wp-content\/uploads\/2021\/03\/JEI7792-1024x396.jpg 1024w, https:\/\/kruste.selfhost.me\/wordpress\/wp-content\/uploads\/2021\/03\/JEI7792-150x58.jpg 150w, https:\/\/kruste.selfhost.me\/wordpress\/wp-content\/uploads\/2021\/03\/JEI7792-768x297.jpg 768w, https:\/\/kruste.selfhost.me\/wordpress\/wp-content\/uploads\/2021\/03\/JEI7792-1536x594.jpg 1536w\" sizes=\"auto, (max-width: 1600px) 100vw, 1600px\" \/><\/p>\n<\/div><\/div><\/div><\/div><\/div>","protected":false},"excerpt":{"rendered":"<p>\u00a0 &nbsp; Auf die Mavunje Campsite bin ich eigentlich nur durch die vielen positiven\u00a0Bereich \u00fcber\u00a0Dan Stephens gesto\u00dfen. Dan ist ein geb\u00fcrtiger Engl\u00e4nder, der Touren durch<\/p>\n","protected":false},"author":1,"featured_media":0,"parent":7701,"menu_order":0,"comment_status":"closed","ping_status":"closed","template":"","meta":{"footnotes":""},"class_list":["post-7798","page","type-page","status-publish","hentry"],"_links":{"self":[{"href":"https:\/\/kruste.selfhost.me\/wordpress\/index.php?rest_route=\/wp\/v2\/pages\/7798","targetHints":{"allow":["GET"]}}],"collection":[{"href":"https:\/\/kruste.selfhost.me\/wordpress\/index.php?rest_route=\/wp\/v2\/pages"}],"about":[{"href":"https:\/\/kruste.selfhost.me\/wordpress\/index.php?rest_route=\/wp\/v2\/types\/page"}],"author":[{"embeddable":true,"href":"https:\/\/kruste.selfhost.me\/wordpress\/index.php?rest_route=\/wp\/v2\/users\/1"}],"replies":[{"embeddable":true,"href":"https:\/\/kruste.selfhost.me\/wordpress\/index.php?rest_route=%2Fwp%2Fv2%2Fcomments&post=7798"}],"version-history":[{"count":1,"href":"https:\/\/kruste.selfhost.me\/wordpress\/index.php?rest_route=\/wp\/v2\/pages\/7798\/revisions"}],"predecessor-version":[{"id":7799,"href":"https:\/\/kruste.selfhost.me\/wordpress\/index.php?rest_route=\/wp\/v2\/pages\/7798\/revisions\/7799"}],"up":[{"embeddable":true,"href":"https:\/\/kruste.selfhost.me\/wordpress\/index.php?rest_route=\/wp\/v2\/pages\/7701"}],"wp:attachment":[{"href":"https:\/\/kruste.selfhost.me\/wordpress\/index.php?rest_route=%2Fwp%2Fv2%2Fmedia&parent=7798"}],"curies":[{"name":"wp","href":"https:\/\/api.w.org\/{rel}","templated":true}]}}