{"id":7917,"date":"2021-12-02T15:18:51","date_gmt":"2021-12-02T13:18:51","guid":{"rendered":"https:\/\/kruste.selfhost.me\/wordpress\/?page_id=7917"},"modified":"2022-01-29T16:36:59","modified_gmt":"2022-01-29T14:36:59","slug":"onguma-the-fort-etosha-2-2","status":"publish","type":"page","link":"https:\/\/kruste.selfhost.me\/wordpress\/?page_id=7917","title":{"rendered":"CKGR Campsites"},"content":{"rendered":"<div id=\"pl-7917\"  class=\"panel-layout\" ><div id=\"pg-7917-0\"  class=\"panel-grid panel-no-style\" ><div id=\"pgc-7917-0-0\"  class=\"panel-grid-cell\" ><div id=\"panel-7917-0-0-0\" class=\"so-panel widget widget_black-studio-tinymce widget_black_studio_tinymce panel-first-child panel-last-child\" data-index=\"0\" ><div class=\"textwidget\"><div class=\"style_SkipStroke_2 shape-with-text flowDefining\">\n<div class=\"text-content style_External_485_494\">\n<div class=\"style\">\n<div class=\"style\"><\/div>\n<div class=\"style\"><\/div>\n<div class=\"style\">\n<div class=\"style\">\n<hr \/>\n<p>Die Campingpl\u00e4tze im Central Kalahari Game Reserve sind einfach bzw. sehr einfach. Einige Pl\u00e4tze besitzen die typischen Holzschnecken f\u00fcr Toilette und Dusche wobei der Begriff Dusche eventuell etwas in die Irre f\u00fchrt. Es handelt sich um ein Eisenger\u00fcst, an welches man seinen Wassereimer oder den mit Wasser gef\u00fcllten Plastiksack h\u00e4ngen kann. Fertig ist die Dusche.<\/p>\n<p>Beachtet werden sollte nur, dass aufgrund der Wasserknappheit L\u00f6wen und Co sehr am Duschwasser interessiert sind ( Beispiel unten aus Mabuasehube )<\/p><\/div>\n<p>Die von mir besuchten Campsites waren in der Regel recht sauber jedoch haben es einige G\u00e4ste auch hier noch nicht verstanden, dass vergrabenes Toilettenpapier nicht in der Landschaft umher fliegen kann. BITTE, solltet Ihr in diese Region fahren vergrabt das Toilettenpapier nachdem es benutzt wurde.<\/p>\n<p>Es gibt folgende Campingpl\u00e4tze im CKGR:<\/p><\/div>\n<p>Motopi<br \/>\nPassarge Valley<br \/>\nKgoogong<br \/>\nManong<br \/>\nSunday Camp<br \/>\nLeopard Camp<br \/>\nDeception Valley<br \/>\nKukama<br \/>\nMatswere<br \/>\nKori<br \/>\nLekhubu<br \/>\nLetiahau<br \/>\nPiper Pan<br \/>\nPhokoje<br \/>\nSan Pan<br \/>\nXade<br \/>\nXaxa<br \/>\nMolapo<br \/>\nQwee Pan<br \/>\nBape<\/p><\/div>\n<\/div>\n<\/div>\n<\/div><\/div><\/div><div id=\"pgc-7917-0-1\"  class=\"panel-grid-cell\" ><div id=\"panel-7917-0-1-0\" class=\"so-panel widget widget_black-studio-tinymce widget_black_studio_tinymce panel-first-child panel-last-child\" data-index=\"1\" ><div class=\"textwidget\"><p><img loading=\"lazy\" decoding=\"async\" class=\"aligncenter size-full wp-image-7923\" src=\"http:\/\/kruste.selfhost.me\/wordpress\/wp-content\/uploads\/2021\/12\/BOT2251.jpg\" alt=\"\" width=\"900\" height=\"1305\" srcset=\"https:\/\/kruste.selfhost.me\/wordpress\/wp-content\/uploads\/2021\/12\/BOT2251.jpg 900w, https:\/\/kruste.selfhost.me\/wordpress\/wp-content\/uploads\/2021\/12\/BOT2251-207x300.jpg 207w, https:\/\/kruste.selfhost.me\/wordpress\/wp-content\/uploads\/2021\/12\/BOT2251-706x1024.jpg 706w, https:\/\/kruste.selfhost.me\/wordpress\/wp-content\/uploads\/2021\/12\/BOT2251-103x150.jpg 103w, https:\/\/kruste.selfhost.me\/wordpress\/wp-content\/uploads\/2021\/12\/BOT2251-768x1114.jpg 768w, https:\/\/kruste.selfhost.me\/wordpress\/wp-content\/uploads\/2021\/12\/BOT2251-530x768.jpg 530w\" sizes=\"auto, (max-width: 900px) 100vw, 900px\" \/><\/p>\n<\/div><\/div><\/div><\/div><div id=\"pg-7917-1\"  class=\"panel-grid panel-no-style\" ><div id=\"pgc-7917-1-0\"  class=\"panel-grid-cell\" ><div id=\"panel-7917-1-0-0\" class=\"so-panel widget widget_black-studio-tinymce widget_black_studio_tinymce panel-first-child\" data-index=\"2\" ><h3 class=\"widget-title\">Preise:<\/h3><div class=\"textwidget\"><hr \/>\n<p>Auch im CKGR wurde die Verwaltung einiger Campsites in private H\u00e4nde vergeben. Einen Vorteil f\u00fcr Reisende sehe ich darin nicht. Die \u00dcbernachtungen sind wesentlich teurer und die Zust\u00e4nde gleichen denen der staatlichen Pl\u00e4tze.<\/p>\n<p>Zum Vergleich, eine Private Camsite schl\u00e4gt mit circa 350 Pula (26 Euro) zu buche, wobei der stattliche Platz 30 Pula 2,30 Euro kostet. Leider handelt es sich bei, den aus meiner Sicht besten Pl\u00e4tzen des CKGR, der Sunday Pan sowie Piper Pan um privatisierte Campsites und man muss hier in den sauren Apfel beissen wenn die \u00dcbernachtung in der N\u00e4he eines funktionierende Wasserlochs stattfinden soll.<\/p>\n<p>&nbsp;<\/p>\n<\/div><\/div><div id=\"panel-7917-1-0-1\" class=\"so-panel widget widget_black-studio-tinymce widget_black_studio_tinymce\" data-index=\"3\" ><h3 class=\"widget-title\">Kommunikation:<\/h3><div class=\"textwidget\"><div id=\"id4\" class=\"style_SkipStroke_4 shape-with-text\">\n<div class=\"text-content graphic_textbox_layout_style_default_External_138_130\">\n<div class=\"graphic_textbox_layout_style_default\">\n<hr \/>\n<p class=\"Caption\">Kein WLAN, kein Internet, kein Mobilfunk. Traumhaft, wenn man keine Panne hat.<\/p>\n<\/div>\n<\/div>\n<\/div>\n<\/div><\/div><div id=\"panel-7917-1-0-2\" class=\"so-panel widget widget_text\" data-index=\"4\" >\t\t\t<div class=\"textwidget\"><p><code><\/p>\n<section class=\"parallax-section\">\n<div class=\"parallax-window\" data-z-index=\"0\" data-position-x=\"left\" data-parallax=\"scroll\" data-speed=\".3\" data-image-src=\"http:\/\/kruste.selfhost.me\/wordpress\/wp-content\/uploads\/2021\/11\/BOT1676.jpg\" style=\"align-items: flex-start;min-height: 650px;\">\n<div class=\"parallax-container parallax-content\">\n<\/div>\n<\/div>\n<\/section>\n<p><\/code><\/p>\n<\/div>\n\t\t<\/div><div id=\"panel-7917-1-0-3\" class=\"so-panel widget widget_black-studio-tinymce widget_black_studio_tinymce\" data-index=\"5\" ><h3 class=\"widget-title\">Sunday Pan:<\/h3><div class=\"textwidget\"><hr \/>\n<p><span style=\"color: #000000;\">Neben der Piper Pan der einzige Platz mit einem funktionierendem Wasserloch und somit gute Chancen auf L\u00f6wen und Geparden.\u00a0<\/span><\/p>\n<p>CKSUN-02 (S 21.35107 E -23.67187) liegt circa einen Kilometer vom Wasserloch entfernt, daf\u00fcr aber abseits der anderen beiden Campingpl\u00e4tze an der Pan. Ein toller und sauber Platz mit Toilette und Duschger\u00fcst.<br \/>\nCKSUN-03 (S 21.33282 E -23.68840) und CKSUN-03 (S 21.33196 E -23.68810) liegen dicht nebeneinander ( circa 40 Meter ) und zum Wasserloch sind es nur rund 150 Meter.<br \/>\nZur Erkl\u00e4rung: CKSUN-01 ist der Stellplatz an der Leopard Pan<\/p>\n<p>Alle drei Pl\u00e4tze sind zu empfehlen und die Pan an sich ist auch sehr sch\u00f6n. Interessant sind die beiden gr\u00fcnen Inseln in mitten der Pan, wo sich viel Antilopen aufhalten.<\/p>\n<p>Meine Empfehlung: 2 \u00dcbernachtungen<\/p>\n<\/div><\/div><div id=\"panel-7917-1-0-4\" class=\"so-panel widget widget_black-studio-tinymce widget_black_studio_tinymce\" data-index=\"6\" ><h3 class=\"widget-title\"> Letiahau:<\/h3><div class=\"textwidget\"><hr \/>\n<p>Ein guter Stopp zwischen Piper und Sunday Pan. Die Campsite selbst liegt unspektakul\u00e4r in einem etwas buschigem Bereich und bietet keine gute Aussicht.<\/p>\n<p>CKWIL-06 (S 21.60832 E -23.55562)<\/p>\n<p>Interessant ist das ans\u00e4ssige L\u00f6wenrudel welches sich oft in dieser Gegend zeigt. Wo die Tiere jedoch ihr notwendiges Trinkwasser finden ist mir ein R\u00e4tsel, da das naheliegende Wasserloch ausser Betrieb ist.<\/p>\n<p>Meine Empfehlung: 1 \u00dcbernachtung<\/p>\n<p class=\"paragraph_style\">\n<\/p><\/div><\/div><div id=\"panel-7917-1-0-5\" class=\"so-panel widget widget_black-studio-tinymce widget_black_studio_tinymce\" data-index=\"7\" ><h3 class=\"widget-title\">Kori:<\/h3><div class=\"textwidget\"><hr \/>\n<p class=\"paragraph_style\">Mit seinen 4 Campsites einer der gr\u00f6\u00dferen Pl\u00e4tze im CKGR.<\/p>\n<p>CKKOR-01 (S 21.41695 E -23.78972)<br \/>\nCKKOR-02 (S 21.42195 E -23.79222)<br \/>\nCKKOR-03 (S 21.42333 E -23.79639)<br \/>\nCKKOR-04 (S 21.24806 E -23.79806)<\/p>\n<p>Gebucht hatte ich Campingplatz Nummer 1 und empfand diesen als nicht sonderlich attraktiv. Kein Schatten, kein Wasserloch in der N\u00e4he und zu meiner Zeit keine Tiere in Sichtweite. Gut, das mit den Tieren ist sicherlich Gl\u00fccksache aber auch die Aussicht ist nicht sonderlich interessant. Wenn m\u00f6glich w\u00fcrde ich auf meiner n\u00e4chsten reise eine ander Pan buchen oder zumindest eine ander Site auf Kori. Ich glaube Nummer 4 liegt etwas besser.<\/p>\n<p>Meine Empfehlung: Besser Sunday oder Leopard Pan buchen. Wenn es nicht anders geht, 2 N\u00e4chte bleiben und t\u00e4glich zur Sunday Pan fahren.<\/p>\n<\/div><\/div><div id=\"panel-7917-1-0-6\" class=\"so-panel widget widget_black-studio-tinymce widget_black_studio_tinymce\" data-index=\"8\" ><h3 class=\"widget-title\">Piper Pan:<\/h3><div class=\"textwidget\"><hr \/>\n<p style=\"color: #919191;\"><span style=\"color: #000000;\">Die f\u00fcr mich sch\u00f6nste Pan des CKGR liegt rund 70 Kilometer vom Xade Gate entfernt und die Anfahrtsdauer betr\u00e4gt circa 3 Stunden, abh\u00e4ngig von Roadblockern ( Elefanten ) und Jahreszeit ( Regenzeit ).<\/span><\/p>\n<p>Ich bin im September 2021 vom Xade Gate zur Piper Pan gefahren und empfand die Anreise ab Gate nicht besonders schwierig jedoch recht langweilig, da das Buschwerk am Rand recht hoch und die Sicht somit eingeschr\u00e4nkt war.<br \/>\n( Eventuell lag es aber auch an der langen Anreise ab Kang und der schlecht befahrbaren Cutline )<\/p>\n<p>An der Piper Pan gibt es zwei Campsites \u00a0mit den Abk\u00fcrzungen\u00a0CKPIP-01 (S 21.76827 E -23.19843) und CKPIP-02 (S 21.79286 E -23.21486) wobei CKPIP-01 wesentlich besser gelegen ist. Die Pan selbst l\u00e4sst sich gut umfahren und im September gab es viele \u00a0Antilopen und auch einen Honigdachs durfte ich bewundern. Das Highlight an der Pan war jedoch ein funktionierendes Wasserloch, an dem sich st\u00e4ndig ein L\u00f6wenrudel aufhielt.<\/p>\n<p>Mein Empfehlung : 2 \u00dcbernachtungen<\/p>\n<\/div><\/div><div id=\"panel-7917-1-0-7\" class=\"so-panel widget widget_black-studio-tinymce widget_black_studio_tinymce\" data-index=\"9\" ><div class=\"textwidget\"><p><img loading=\"lazy\" decoding=\"async\" class=\"aligncenter size-full wp-image-7924\" src=\"http:\/\/kruste.selfhost.me\/wordpress\/wp-content\/uploads\/2021\/12\/BOT1883.jpg\" alt=\"\" width=\"1600\" height=\"867\" srcset=\"https:\/\/kruste.selfhost.me\/wordpress\/wp-content\/uploads\/2021\/12\/BOT1883.jpg 1600w, https:\/\/kruste.selfhost.me\/wordpress\/wp-content\/uploads\/2021\/12\/BOT1883-300x163.jpg 300w, https:\/\/kruste.selfhost.me\/wordpress\/wp-content\/uploads\/2021\/12\/BOT1883-1024x555.jpg 1024w, https:\/\/kruste.selfhost.me\/wordpress\/wp-content\/uploads\/2021\/12\/BOT1883-150x81.jpg 150w, https:\/\/kruste.selfhost.me\/wordpress\/wp-content\/uploads\/2021\/12\/BOT1883-768x416.jpg 768w, https:\/\/kruste.selfhost.me\/wordpress\/wp-content\/uploads\/2021\/12\/BOT1883-1536x832.jpg 1536w\" sizes=\"auto, (max-width: 1600px) 100vw, 1600px\" \/><\/p>\n<\/div><\/div><div id=\"panel-7917-1-0-8\" class=\"so-panel widget widget_black-studio-tinymce widget_black_studio_tinymce\" data-index=\"10\" ><h3 class=\"widget-title\">Leopard Pan:<\/h3><div class=\"textwidget\"><hr \/>\n<p style=\"color: #919191;\"><span style=\"color: #000000;\">Der einzige Stellplatz an dieser Pan nennt sich CKSUN-01 (S 21.29220 E -23.70908) und liegt etwas abseits in einem stark verbuschten Bereich. Eine Ausblick auf die Pan ist somit nicht m\u00f6glich.<\/span><\/p>\nDie Pan selbst ist jedoch recht schnell erreicht und bietet gut Tiersichtungen ( eventuell weil das Wasserloch der Sunday Pan nicht weit entfernt ist ). Ich hatte viel Gl\u00fcck und durfte hier eine Gepardin mit ihrem Nachwuchs bewundern.\n<br \/>\n<br \/>\nMeine Empfehlung: Sch\u00f6ner und einsamer Platz und sollte es keine M\u00f6glichkeit geben die Sunday Pan zu reservieren, l\u00e4sst es sich hier gut 2 N\u00e4chte aushalten.\n\n&nbsp;<\/div><\/div><div id=\"panel-7917-1-0-9\" class=\"so-panel widget widget_black-studio-tinymce widget_black_studio_tinymce\" data-index=\"11\" ><h3 class=\"widget-title\">Deception Valley: <\/h3><div class=\"textwidget\"><hr \/>\n<p class=\"Caption\">Die Site mit den meisten Stellpl\u00e4tzen. Es sind 6 an der Zahl CKDEC-01 (S 21.40634 E -23.77506) bis CKDEC-06 (S 21.40410 E -23.77378) und die Entfernung zu Kori ist nicht weit.<\/p>\n<p>Eventuell war ich zur flaschen Zeit am falschen Ort jedoch hat mir die Gegend um Kori \/ Deception nicht so gut gefallen und ich w\u00fcrde versuchen eine andere Campsite im CKGR zu buchen.<\/p>\n<p>Meine Empfehlung: Nur im Notfall 2 N\u00e4chte bleiben, das ist halt besser als keine Nacht im Park.<\/p>\n<\/div><\/div><div id=\"panel-7917-1-0-10\" class=\"so-panel widget widget_black-studio-tinymce widget_black_studio_tinymce\" data-index=\"12\" ><h3 class=\"widget-title\">Xade Campsite:<\/h3><div class=\"textwidget\"><hr \/>\n<p class=\"paragraph_style\">Dieser Campingplatz liegt in der N\u00e4he des Gates und wirkte auf mich nicht sehr interessant. Die Pumpen des Wasserloch waren defekt und viele Elefanten warteten auf die Instandsetzung. Wie die Geschichte ausgegangen ist kann nicht sagen, da ich meine \u00dcbernachtung hier nicht wahrgenommen habe.<br \/>\nVom Prinzip her sollte es warme und funktionierende Duschen geben und auch modere Toiletten stehen zur Verf\u00fcgung.<\/p>\n<p>Berichtet wurde mir weiter von zwei ans\u00e4ssigen L\u00f6wen, wobei einer der Beiden ein Halsband tragen soll. F\u00fcr mich ein NoGo und ein weitere Grund hier nicht zu \u00fcbernachten.<\/p>\n<p>Meine Empfehlung: Wenn m\u00f6glich keine \u00dcbernachtung buchen.<\/p>\n<p>&nbsp;<\/p>\n<\/div><\/div><div id=\"panel-7917-1-0-11\" class=\"so-panel widget widget_black-studio-tinymce widget_black_studio_tinymce panel-last-child\" data-index=\"13\" ><h3 class=\"widget-title\">Tipps:<\/h3><div class=\"textwidget\"><hr \/>\n<p>Auch im CKGR gibt es die sch\u00f6nsten Tiersichtungen in den fr\u00fchen Morgenstunden oder gen Abend. Wer Gl\u00fcck hat und Sunday oder Piper Pan buchen konnte, braucht keine weiten Wege fahren und h\u00e4lt sich einfach in der N\u00e4he der Wasserl\u00f6cher auf. Hier gibt es mit gro\u00dfer Wahrscheinlichkeit L\u00f6wen vor die Kamera.<\/p>\n<p>Als sehr angenehm empfand ich die geringe Anzahl an Fahrzeugen im Park und die Freundlichkeit der professionellen Tourguides. Tipps wurden ausgetauscht und die letzten guten Sichtungen wurden gerne geteilt. Wer schon einmal im Kruger Park unterwegs war, kennt sicher das Gegenteil.<\/p>\n<\/div><\/div><\/div><\/div><div id=\"pg-7917-2\"  class=\"panel-grid panel-no-style\" ><div id=\"pgc-7917-2-0\"  class=\"panel-grid-cell\" ><div id=\"panel-7917-2-0-0\" class=\"so-panel widget widget_black-studio-tinymce widget_black_studio_tinymce panel-first-child\" data-index=\"14\" ><h3 class=\"widget-title\">Klartext:<\/h3><div class=\"textwidget\"><hr \/>\n<p>Das CKGR ist kein Platz f\u00fcr \"Anf\u00e4nger\". Trinkwasser, Lebensmittel und Treibstoff muss in ausreichender Menge mitgebracht werden, da es keine M\u00f6glichkeit gibt im Park etwas zu kaufen. Auch eine gewisse 4x4 Erfahrung ist von Vorteil, obwohl zu meiner Reisezeit betraf dies mehr die Anfahrtswege zu den Eingangstoren. Ob es das Xade oder Matswere Gate war, die Anreise zog sich und die holperigen Wege bzw. der tiefe Sand k\u00f6nnten schon ein Hindernis werden.<\/p>\n<p>Im Park selbst gab es nur 2 aktive Wasserl\u00f6cher, was bei eine Fl\u00e4che von 55.000 Quadratkilometern ein Witz ist. Ich hoffe, dass die Instandsetzung der defekten Wasserl\u00f6cher gelingt bzw. angegangen wird, denn dann k\u00f6nnten auch die anderen Campingpl\u00e4tze so interessant wie Sunday oder Piper werden.<\/p>\n<p>Die Anreise aus S\u00fcden \u00fcber das Khuste Game Reserve hatte ich einmal ins Auge gefasst aber nach meinem ersten Besuch im CKGR wieder verworfen. Der s\u00fcdliche Bereich der Central Kalahari soll noch Tier\u00e4rmer sein und gleiches gilt f\u00fcr das Khuste Game Reserve.<\/p>\n<p>&nbsp;<\/p>\n<\/div><\/div><div id=\"panel-7917-2-0-1\" class=\"so-panel widget widget_black-studio-tinymce widget_black_studio_tinymce panel-last-child\" data-index=\"15\" ><div class=\"textwidget\"><p><img loading=\"lazy\" decoding=\"async\" class=\"aligncenter size-full wp-image-7921\" src=\"http:\/\/kruste.selfhost.me\/wordpress\/wp-content\/uploads\/2021\/12\/20210924_081309.jpg\" alt=\"\" width=\"1014\" height=\"900\" srcset=\"https:\/\/kruste.selfhost.me\/wordpress\/wp-content\/uploads\/2021\/12\/20210924_081309.jpg 1014w, https:\/\/kruste.selfhost.me\/wordpress\/wp-content\/uploads\/2021\/12\/20210924_081309-300x266.jpg 300w, https:\/\/kruste.selfhost.me\/wordpress\/wp-content\/uploads\/2021\/12\/20210924_081309-150x133.jpg 150w, https:\/\/kruste.selfhost.me\/wordpress\/wp-content\/uploads\/2021\/12\/20210924_081309-768x682.jpg 768w\" sizes=\"auto, (max-width: 1014px) 100vw, 1014px\" \/><\/p>\n<\/div><\/div><\/div><\/div><\/div>","protected":false},"excerpt":{"rendered":"<p>Die Campingpl\u00e4tze im Central Kalahari Game Reserve sind einfach bzw. sehr einfach. Einige Pl\u00e4tze besitzen die typischen Holzschnecken f\u00fcr Toilette und Dusche wobei der Begriff<\/p>\n","protected":false},"author":1,"featured_media":0,"parent":7908,"menu_order":0,"comment_status":"closed","ping_status":"closed","template":"","meta":{"footnotes":""},"class_list":["post-7917","page","type-page","status-publish","hentry"],"_links":{"self":[{"href":"https:\/\/kruste.selfhost.me\/wordpress\/index.php?rest_route=\/wp\/v2\/pages\/7917","targetHints":{"allow":["GET"]}}],"collection":[{"href":"https:\/\/kruste.selfhost.me\/wordpress\/index.php?rest_route=\/wp\/v2\/pages"}],"about":[{"href":"https:\/\/kruste.selfhost.me\/wordpress\/index.php?rest_route=\/wp\/v2\/types\/page"}],"author":[{"embeddable":true,"href":"https:\/\/kruste.selfhost.me\/wordpress\/index.php?rest_route=\/wp\/v2\/users\/1"}],"replies":[{"embeddable":true,"href":"https:\/\/kruste.selfhost.me\/wordpress\/index.php?rest_route=%2Fwp%2Fv2%2Fcomments&post=7917"}],"version-history":[{"count":1,"href":"https:\/\/kruste.selfhost.me\/wordpress\/index.php?rest_route=\/wp\/v2\/pages\/7917\/revisions"}],"predecessor-version":[{"id":7918,"href":"https:\/\/kruste.selfhost.me\/wordpress\/index.php?rest_route=\/wp\/v2\/pages\/7917\/revisions\/7918"}],"up":[{"embeddable":true,"href":"https:\/\/kruste.selfhost.me\/wordpress\/index.php?rest_route=\/wp\/v2\/pages\/7908"}],"wp:attachment":[{"href":"https:\/\/kruste.selfhost.me\/wordpress\/index.php?rest_route=%2Fwp%2Fv2%2Fmedia&parent=7917"}],"curies":[{"name":"wp","href":"https:\/\/api.w.org\/{rel}","templated":true}]}}