{"id":8307,"date":"2024-07-28T07:45:40","date_gmt":"2024-07-28T05:45:40","guid":{"rendered":"https:\/\/kruste.selfhost.me\/wordpress\/?page_id=8307"},"modified":"2025-02-06T18:31:29","modified_gmt":"2025-02-06T16:31:29","slug":"blog-2015-island-2","status":"publish","type":"page","link":"https:\/\/kruste.selfhost.me\/wordpress\/?page_id=8307","title":{"rendered":"BLOG 2024 (Namibia\/Botswana, auf der Suche nach dem Aardvark)"},"content":{"rendered":"<div id=\"pl-8307\"  class=\"panel-layout\" ><div id=\"pg-8307-0\"  class=\"panel-grid panel-no-style\" ><div id=\"pgc-8307-0-0\"  class=\"panel-grid-cell\" ><div id=\"panel-8307-0-0-0\" class=\"so-panel widget panel-first-child\" data-index=\"0\" ><\/div><div id=\"panel-8307-0-0-1\" class=\"so-panel widget widget_black-studio-tinymce widget_black_studio_tinymce panel-last-child\" data-index=\"1\" ><h3 class=\"widget-title\">September 2024<\/h3><div class=\"textwidget\"><div class=\"article-main-content\">\n<div class=\"article-content\">\n<div class=\"article-main-content\">\n<div class=\"article-content\">\n<p><span style=\"text-decoration: underline;\"><strong>Die Reisedaten\u00a0<\/strong><\/span><\/p>\n<p>28.08.2024<\/p>\n<ul>\n<li>Flug nach Windhuk \u00fcber Z\u00fcrich und Johannesburg<\/li>\n<\/ul>\n<p>29.08.2024<\/p>\n<ul>\n<li>Fahrt zur Monteiro Campsite<\/li>\n<\/ul>\n<p>30.08.2024 bis 02.09.24<\/p>\n<ul>\n<li>\n<map id=\"gmimap2\" name=\"gmimap2\"><\/map>\n<map id=\"gmimap3\" name=\"gmimap3\"><\/map>\n<map id=\"gmimap4\" name=\"gmimap4\"><\/map>\n<map id=\"gmimap5\" name=\"gmimap5\"><\/map>\n<map id=\"gmimap6\" name=\"gmimap6\"><\/map>\n<map id=\"gmimap7\" name=\"gmimap7\"><\/map>\n<map id=\"gmimap8\" name=\"gmimap8\"><\/map>\n<map id=\"gmimap9\" name=\"gmimap9\"><\/map>\n<map id=\"gmimap10\" name=\"gmimap10\"><\/map>\n<div>\n<div class=\"gm-style-iw-a\">\n<div class=\"gm-style-iw-t\">\n<div class=\"gm-style-iw gm-style-iw-c\" tabindex=\"-1\" role=\"dialog\" aria-label=\"Sossusvlei Lodge\">\n<div class=\"gm-style-iw-chr\">\n<div id=\"D05DF57C-DF7A-4F0B-ADEB-A033AD84A179\" class=\"gm-style-iw-ch\">\n<div dir=\"ltr\">\n<div class=\"transit-container\">\n<div>\n<div class=\"gm-title gm-full-width\">Sossusvlei Lodge ( Campsite )<\/div>\n<\/div>\n<\/div>\n<\/div>\n<\/div>\n<\/div>\n<\/div>\n<\/div>\n<\/div>\n<\/div>\n<\/li>\n<\/ul>\n<p>03.09.2024<\/p>\n<ul>\n<li>Swakopmund<\/li>\n<\/ul>\n<p>04.09.2024<\/p>\n<ul>\n<li>Fahrt \u00fcber die Skelettk\u00fcste in die Palmwag Region<\/li>\n<\/ul>\n<p>09.02024<\/p>\n<p>Palmwag<\/p>\n<p>09.2024<\/p>\n<ul>\n<li>Etosha Nationalpark<\/li>\n<\/ul>\n<p>09.2024<\/p>\n<ul>\n<li>Suche nach dem Aardvark in der Nase-Naye Area<\/li>\n<\/ul>\n<p>09.2024<\/p>\n<ul>\n<li>Vorr\u00e4te auff\u00fcllen in Maun<\/li>\n<\/ul>\n<p>09.2024<\/p>\n<ul>\n<li>Khwai<\/li>\n<\/ul>\n<p>10.2024<\/p>\n<ul>\n<li>Nxai Pan<\/li>\n<\/ul>\n<p>10.2024<\/p>\n<ul>\n<li>Botten River<\/li>\n<\/ul>\n<p>10.2024<\/p>\n<ul>\n<li>R\u00fcckfahrt nach Windhuk<\/li>\n<\/ul>\n<p>10.2024<\/p>\n<ul>\n<li>R\u00fcckflug \u00fcber Johannesburg und Frankfurt nach Hannover<\/li>\n<\/ul>\n<\/div>\n<\/div>\n<\/div>\n<\/div>\n<\/div><\/div><\/div><\/div><div id=\"pg-8307-1\"  class=\"panel-grid panel-no-style\" ><div id=\"pgc-8307-1-0\"  class=\"panel-grid-cell\" ><div id=\"panel-8307-1-0-0\" class=\"so-panel widget widget_black-studio-tinymce widget_black_studio_tinymce panel-first-child\" data-index=\"2\" ><h3 class=\"widget-title\">2024<\/h3><div class=\"textwidget\"><div class=\"article-main-content\">\n<div class=\"article-content\">\n<p class=\"paragraph_style\"><span style=\"text-decoration: underline;\"><strong>Die Vorbereitungen<\/strong><\/span><\/p>\n<\/div>\n<\/div>\n<p>Nach meiner letzten Auszeit in S\u00fcdafrika wollte ich dieses Jahr gerne wieder etwas mehr \"Abenteuer\" und hatte beschlossen, nach Namibia und Botswana zu reisen. Die Suche nach einem Mietwagen, der f\u00fcr schweres Gel\u00e4nde \u00a0geeignet ist, verlief kompliziert und ich entschied mich, auch nach den durchweg gemischten Erfahrungen aus dem Jahr 2020, wieder f\u00fcr einen Land Rover Defender.<\/p>\n<p>Da passte es gut, dass Volker von Magic Vibes einen Defender 130 aus dem Jahr 2013 im Besitz hatte, und diesen zum Camper ausbauen wollte. Mein Interesse war geweckt und da ich mir ja selbst einen Defender gekauft hatte, kannte ich mich etwas mit den Fahrzeugen aus.<\/p>\n<p>Volker stattete sein Fahrzeug noch mit Canopy, Dachzelt und zwei K\u00fchlschr\u00e4nken aus und ich freute mich auf die Reise. Da es jedoch die erste Reise f\u00fcr Kermit ( ein Defender muss einen Namen haben ) durch unwegsames Gel\u00e4nde und \u00fcber Schotterstra\u00dfen werden w\u00fcrde, war mir bewusst, dass es zu Problemen kommen kann aber dass ich so oft auf der Strecke bleibe, war mir hier noch nicht bewusst, aber lest weiter.<\/p>\n<p>&nbsp;<\/p>\n<p>Viel Spa\u00df<\/p>\n<p>&nbsp;<\/p>\n<\/div><\/div><div id=\"panel-8307-1-0-1\" class=\"so-panel widget widget_black-studio-tinymce widget_black_studio_tinymce\" data-index=\"3\" ><h3 class=\"widget-title\">28.08.2024<\/h3><div class=\"textwidget\"><div class=\"article-main-content\">\n<div class=\"article-content\">\n<p class=\"paragraph_style\">Abflug nach Namibia.<\/p>\n<p class=\"paragraph_style\">Die etwas umst\u00e4ndliche Anreise \u00fcber Z\u00fcrich und Johannesburg nach Windhuk habe ich gerne in Kauf genommen, da Discovery Airlines heute in den Warnstreik getreten ist. Da war ich bei Swiss und Air Baltic auf der sicheren Seite. Gl\u00fcck gehabt<br \/>\nZu meiner positiven \u00dcberraschung war der Flieger von Air Baltic sehr bequem und modern. Da kann ich eine Empfehlung aussprechen.<br \/>\nGut, wegen einer kleinen Versp\u00e4tung\u00a0wurde es beim Umstieg in Z\u00fcrich noch einmal eng, aber letztendlich habe ich den Flieger erreicht.<\/p>\n<p>Die Comfort Class ( diese buche ich aufgrund der Mitnahme von 2x23 Kg Aufgabegep\u00e4ck ) bei Swiss war angenehm, nur die Stewardess war neu und hatte wohl ihren ersten Arbeitstag. Es holperte bei der Essensausgabe und wie die Sitze zu verstellen waren, konnte mir die Gute auch nicht sagen. Irgendwie habe ich es dann geschafft, aber mit dem Problem war ich nicht der Einzige. Als die Chef Stewardess dann mit vollem Einsatz die Sitze meiner Nachbarn verstellt, sah ich sehr interessiert zu. Es war Schwerstarbeit:-)<\/p>\n<p class=\"paragraph_style\">Alles Gut. Der Flug verlief ruhig, dass Essen war lecker und es gab vern\u00fcnftiges Besteck. Der Urlaub kann beginnen.<\/p>\n<p class=\"paragraph_style\">P\u00fcnktlich in Johannesburg angekommen gab es dann leider doch noch etwas Verwirrung. Auf meinem Ticket stand der Anschlussflug geht von Terminal b, doch dann h\u00e4tte ich einmal den Flughafen verlassen m\u00fcssen und daf\u00fcr reichte die Zeit nicht.<br \/>\nAuf Nachfrage sagte man mir, es sein Terminal a und auch so schaffte ich es nur knapp zum n\u00e4chsten Flieger. Bitte das n\u00e4chste mal mehr als 60 Minuten Transferzeit einplanen liebe Lufthansa.<\/p>\n<p>P\u00fcnktlich in Windhuk angekommen wartete Gerhard schon am Flughafen mit dem Kermit ( dem Defender) auf mich. Jetzt stand etwas Logistik an, Fleisch abholen, Navi von Volker bei Ascona abgeben, einkaufen, Gerhard zur Unterkunft bringen und zu meinem ersten Campingplatz fahren.<\/p>\n<p>Sportlich, das in 4 Stunden zu schaffen aber es klappte (wenn auch nur knapp). F\u00fcr den Kauf der Sim Karte hat es jedoch nicht mehr gereicht, denn ich wollte meinen ersten Zeltaufbau noch bei etwas Tageslicht durchf\u00fchren. Das war auch gut so, einfach war es nicht. Wie man das Zelt stabilisiert muss mir Volker noch erkl\u00e4ren, aber f\u00fcr die erste Nacht reichte es.<\/p>\n<p>Bei meiner n\u00e4chsten Reise muss ich einfach mehr Zeit einplanen, denn die SIM Karte werde ich im Verlauf meiner Reise noch vermissen.<\/p><\/div>\n<\/div>\n<\/div><\/div><div id=\"panel-8307-1-0-2\" class=\"so-panel widget widget_black-studio-tinymce widget_black_studio_tinymce\" data-index=\"4\" ><h3 class=\"widget-title\">30.08.2024<\/h3><div class=\"textwidget\"><div class=\"article-main-content\">\n<div class=\"article-content\">\n<p class=\"paragraph_style\">Frisch war die Nacht und ich brauchte wirklich noch eine zweite Decke und meinen Pulli. Das w\u00e4rmte und am Morgen begr\u00fc\u00dfte mich die \ud83c\udf1e<br \/>\nNach einem leckeren M\u00fcsli mit frischem Obst, packte ich meine Sachen (Kamera, Einkauf, Kleidung) ordentlich in den Defender, was mir jedoch nicht so recht gelang. Das Fahrzeug bot zwar viel Stauraum aber Regale, Schubladen oder \u00e4hnliches gab es nicht. Mehr oder weniger zufrieden mir meiner Ordnung, machte ich mich auf den Weg zum Sossusvlei. Ich fuhr die f\u00fcr mich neue c26, was eine gute Entscheidung war. Tolle Landschaften lie\u00dfen mich sofort in Urlaubsstimmung kommen. Gut, dass ich bei der ersten Kontrolle nicht gleich meinen F\u00fchrerschein parat hatte, verzieh mir der Kontrollposten und ein Gespr\u00e4ch \u00fcber den neuen Trainer des FC Bayern zaubert ein L\u00e4cheln auf sein Gesicht.<\/p>\n<p>Weiter ging es \u00fcber den Gamsberg Pass.<br \/>\nSehr sch\u00f6ne Gegend, und ich musste f\u00fcr so einige Fotostopps halten. Am <a href=\"https:\/\/de.wikipedia.org\/wiki\/Wendekreis_(Breitenkreis)\" target=\"_blank\" rel=\"noopener\">Capricorn Kreis<\/a> viel mir dann der Verlust meines Tankdeckels auf, dabei ich hatte Gerhard extra noch gefragt, ob dieser nicht abzuschlie\u00dfen sein, jetzt sicher nicht mehr. Es stellte sich die Frage, wie es ohne Tankdeckel weitergehen soll. Ohne Deckel w\u00fcrde sicher Staub ( viel feiner Sand ) in den Tank gelangen &gt; sehr ung\u00fcnstig. Also eine T\u00fcte \u00fcber den Tankstutzen was jedoch bedeuten k\u00f6nnte, dass der Unterdruck im Tank die T\u00fcte einsaugt. Hmm, bis ich einen neuen Tankdeckel bekomme, wird eine st\u00e4ndige Kontrolle n\u00f6tig sein.<\/p>\n<p class=\"paragraph_style\"><img loading=\"lazy\" decoding=\"async\" class=\"aligncenter size-large wp-image-8342\" src=\"http:\/\/kruste.selfhost.me\/wordpress\/wp-content\/uploads\/2025\/01\/RAJ_6700-1024x468.jpg\" alt=\"\" width=\"783\" height=\"358\" srcset=\"https:\/\/kruste.selfhost.me\/wordpress\/wp-content\/uploads\/2025\/01\/RAJ_6700-1024x468.jpg 1024w, https:\/\/kruste.selfhost.me\/wordpress\/wp-content\/uploads\/2025\/01\/RAJ_6700-300x137.jpg 300w, https:\/\/kruste.selfhost.me\/wordpress\/wp-content\/uploads\/2025\/01\/RAJ_6700-150x69.jpg 150w, https:\/\/kruste.selfhost.me\/wordpress\/wp-content\/uploads\/2025\/01\/RAJ_6700-768x351.jpg 768w, https:\/\/kruste.selfhost.me\/wordpress\/wp-content\/uploads\/2025\/01\/RAJ_6700-1536x703.jpg 1536w, https:\/\/kruste.selfhost.me\/wordpress\/wp-content\/uploads\/2025\/01\/RAJ_6700-2048x937.jpg 2048w\" sizes=\"auto, (max-width: 783px) 100vw, 783px\" \/><\/p>\n<p>Die letzte Teilstrecke meiner Anreise wurde wegen der schlechter Strassenverh\u00e4ltnisse anstrengen. Kermit klapperte, wo es nur ging aber er funktionierte bis in Ziel. Mir war zu diesem Zeitpunkt noch nicht bewusst, dass die Stra\u00dfenverh\u00e4ltnisse dieses Jahr in Namibia sehr, sehr schlecht waren und es mich zur Verzweiflung bringen sollte.<\/p>\n<p class=\"paragraph_style\">Jetzt freute ich mich aber \u00fcber meine Ankunft im Sesriem.<\/p>\n<p>Da es schon recht sp\u00e4t war, entschied ich mich nur noch f\u00fcr eine kurze Runden zur Elim Dune. Hier wollte ich schon immer einmal den Sonnenuntergang genie\u00dfen und f\u00fcr den zweiten Abend war das toll. Ich hatte viel Lust auf gute Fotos und es sollte noch besser werden.<\/p>\n<p class=\"paragraph_style\"><img loading=\"lazy\" decoding=\"async\" class=\"aligncenter size-large wp-image-8317\" src=\"http:\/\/kruste.selfhost.me\/wordpress\/wp-content\/uploads\/2024\/10\/RAJ_6767-1024x533.jpg\" alt=\"\" width=\"783\" height=\"408\" srcset=\"https:\/\/kruste.selfhost.me\/wordpress\/wp-content\/uploads\/2024\/10\/RAJ_6767-1024x533.jpg 1024w, https:\/\/kruste.selfhost.me\/wordpress\/wp-content\/uploads\/2024\/10\/RAJ_6767-300x156.jpg 300w, https:\/\/kruste.selfhost.me\/wordpress\/wp-content\/uploads\/2024\/10\/RAJ_6767-150x78.jpg 150w, https:\/\/kruste.selfhost.me\/wordpress\/wp-content\/uploads\/2024\/10\/RAJ_6767-768x400.jpg 768w, https:\/\/kruste.selfhost.me\/wordpress\/wp-content\/uploads\/2024\/10\/RAJ_6767-1536x800.jpg 1536w, https:\/\/kruste.selfhost.me\/wordpress\/wp-content\/uploads\/2024\/10\/RAJ_6767-2048x1066.jpg 2048w\" sizes=\"auto, (max-width: 783px) 100vw, 783px\" \/><\/p>\n<p>Am Abend gab es frisch gegrilltes Fleisch vom Springbock .Es war lecker aber nicht so gut wie beim letzten Mal, es war somit noch Luft nach oben aber die Stimmung am Lagerfeuer war toll.<\/p>\n<p>&nbsp;<\/p><\/div>\n<\/div>\n<\/div><\/div><div id=\"panel-8307-1-0-3\" class=\"so-panel widget widget_black-studio-tinymce widget_black_studio_tinymce\" data-index=\"5\" ><h3 class=\"widget-title\">31.08.2024<\/h3><div class=\"textwidget\"><p>Fr\u00fch ging es los in die D\u00fcnen. Der Wecker klingelte um 05:20 Uhr und p\u00fcnktlich zur \u00d6ffnung des Gates, machte ich mich auf den Weg zu \"meiner\" D\u00fcne 40.<\/p>\n<p>( Der Name \"D\u00fcne 40\" resultiert aus dem Umstand, dass die D\u00fcne 40 Kilometer vom Eingangstor entfernt liegt. Es kann so einfach sein )<\/p>\n<p><img loading=\"lazy\" decoding=\"async\" class=\"aligncenter size-large wp-image-8343\" src=\"http:\/\/kruste.selfhost.me\/wordpress\/wp-content\/uploads\/2025\/01\/RAJ_6819-1024x553.jpg\" alt=\"\" width=\"783\" height=\"423\" srcset=\"https:\/\/kruste.selfhost.me\/wordpress\/wp-content\/uploads\/2025\/01\/RAJ_6819-1024x553.jpg 1024w, https:\/\/kruste.selfhost.me\/wordpress\/wp-content\/uploads\/2025\/01\/RAJ_6819-300x162.jpg 300w, https:\/\/kruste.selfhost.me\/wordpress\/wp-content\/uploads\/2025\/01\/RAJ_6819-150x81.jpg 150w, https:\/\/kruste.selfhost.me\/wordpress\/wp-content\/uploads\/2025\/01\/RAJ_6819-768x414.jpg 768w, https:\/\/kruste.selfhost.me\/wordpress\/wp-content\/uploads\/2025\/01\/RAJ_6819-1536x829.jpg 1536w, https:\/\/kruste.selfhost.me\/wordpress\/wp-content\/uploads\/2025\/01\/RAJ_6819-2048x1105.jpg 2048w\" sizes=\"auto, (max-width: 783px) 100vw, 783px\" \/><\/p>\n<p>Es war fantastisch und wirklich meine D\u00fcne 40. Kein Mensch weit und breit, da alle Fahrzeuge Richtung Sossusvlei fuhren. Das wohl das Schild mit dem Aufdruck \"closed\" f\u00fcr alle galt und nicht nur f\u00fcr Fahrzeuge, wurde mir erst sp\u00e4ter bewusst und ein etwas schlechtes Gewissen hatte ich schon, aber es war toll \ud83d\ude00<\/p>\n<p>Nach der einsamen D\u00fcne 40 machte ich noch einen Abstecher zu D\u00fcne 45, bevor auch ich ins Sossusvlei fuhr. Am Rastplatz, am Ende der Teerstrasse, stieg ich aus um einen kurzen Ausflug in die D\u00fcnen zu unternehmen. Nat\u00fcrlich fragt ich diesmal einen Mitarbeiter, ob es erlaubt sei einfach so durch die Landschaft zu gehen, aber wenn ich genug Wasser dabei habe, sei es kein Problem best\u00e4tigt man mir. Gut, Gewissen beruhigt.<\/p>\n<p>Toll war es hier und ich beschlossen morgen fr\u00fch, hier meinen Tag zu beginnen.<\/p>\n<p>Jetzt war Zeit den Defender zu testen und auszuloten, was ich mir in den n\u00e4chsten Wochen zutraue kann. Hierf\u00fcr waren die letzten Meter zum Sossusvlei ideal. Sie f\u00fchren durch tiefen Sand und eigentlich bleiben hier immer Fahrzeuge stecken aber ich war es zum Gl\u00fcck nicht. Im Notfall stehen hier jedoch Trecker zur Bergung bereit und f\u00fcr ein gewisses Entgelt wird man aus seiner misslichen Lage befreit.<br \/>\nDank Untersetzung und eingelegter Differentialsperre zog kermit ohne zu murren durch den Sand. Ich konnte sogar ziemlich langsam fahren und so blieben alle Sachen im K\u00fchlschrank und sogar meine Plastikboxen standen noch an Ort und Stelle. Super.<\/p>\n<p>Am Zielpunkt angekommen, nutzte ich den Schatten unter einem alten Baum und machte mir etwas zum Essen. Es war Zeit f\u00fcr ein sp\u00e4tes Fr\u00fchst\u00fcck Eine Oryxantilope beobachtet mich interessiert und kam St\u00fcck f\u00fcr St\u00fcck n\u00e4her. Leider wurde sie dann von einem Ausflugs Guide verscheucht, da dieser wohl Angst um seine G\u00e4ste hatte.<br \/>\nOk, nach dem Fr\u00fchst\u00fcck hie\u00df es die R\u00fcckfahrt anzutreten, da noch etwas Verwaltungsarbeit wartete. Ich stoppte an dem brandneuen Office um die Parkgeb\u00fchr (<br \/>\n30 euro f\u00fcr 3 N\u00e4chte) zu bezahlen und zu lesen der Mails bot sich die Bar an der Campsite an, mal schauen, was so in der Welt passiert ist.<\/p>\n<p>Leider waren es traurige Nachrichten. Ein alter Kumpel aus meiner Lehrzeit, mit dem ich gerade wegen des Jubil\u00e4umstreffen telefoniert hatte, war verstorben.<\/p>\n<p>Es machte mich tief traurig, zeigte mir aber wieder, wie wichtig es ist jeden Tag zu genie\u00dfen und das Beste draus zu machen.<\/p>\n<p>Es best\u00e4tigte mir mein j\u00e4hrlich Auszeit zu nehmen, aber der Tod von Andreas begleitet mich jetzt doch t\u00e4glich in meinen Gedanken.<\/p>\n<p>Machs gut alter Kumpel \ud83d\ude41<\/p>\n<p>Nach einer kurzen Abk\u00fchlung im Pool, fuhr ich zum Sundowner zur D\u00fcne 45. Obwohl diese nicht gesperrt war \ud83d\ude09, war ich der einzige Besucher. Der Fotoapparat schoss sich hei\u00df und das sp\u00e4ter doch noch Besucher kamen, st\u00f6rte nicht.<\/p>\n<p>Zum Sonnenuntergang ging es zur\u00fcck zur Campsite und ... da war doch was.<br \/>\nRichtig, eine braune Hy\u00e4ne versteckte sich im Busch. Super, ich war aufgeregt, denn so ein Tier hatte ich hier noch nicht gesehen.<\/p>\n<p>Als es dunkel wurde erreichte ich meinen Stellplatz und freute mich auf mein Lagerfeuer. Die Stimmung ist einfach einmalig und ein Grund f\u00fcr meine j\u00e4hrlichen Reisen in diese Region. Ich liebe es einfach.<\/p>\n<p>Zum Abschluss des Tages am\u00fcsiert ich mich noch \u00fcber zwei Camper, die im dunkel anreisten und versuchten ihr Zelt aufzubauen. Licht wollten sie nicht von mir, und dann dachte ich mir \"ok, am\u00fcsiere Dich und schau zu\".<\/p>\n<p>Die Italiener, welche noch anreisten, war nicht so witzig und machte noch bis sp\u00e4t in die Nacht L\u00e4rm. Schade aber auch so etwas gibt es hier.<\/p>\n<\/div><\/div><div id=\"panel-8307-1-0-4\" class=\"so-panel widget widget_black-studio-tinymce widget_black_studio_tinymce panel-last-child\" data-index=\"6\" ><h3 class=\"widget-title\">01.09.2024<\/h3><div class=\"textwidget\"><p>Auch heute ging es fr\u00fch los, denn ich wollte ja mein neues Ziel, die sch\u00f6ne D\u00fcnenlandschaft am Parkplatz, erkunden. Kurz noch einen Kaffe gekocht und da sah ich eine der lauten Italienerin vom Abend mit kleiner Funzel in der Gegend umher irren. Was ihr Ziel sein, fragte ich sie und die Dame meinte ihren Schuh suchen zu m\u00fcssen, den der Schakal aus dem Zelt geklaut hat. Viel Gl\u00fcck aber mit der Lampe wird das nichts werden.<\/p>\n<p>Ich packte mein Zelt zusammen und fuhr in den Park.<\/p>\n<p>Gerne lie\u00df ich alle Autos vor mir durch das Eingangstor fahren, denn es war egal, ob ich 5 Minuten fr\u00fcher oder sp\u00e4ter am Ziel war. Ich fuhr eh nur maximal 70 km schnell ( 60 km sind erlaubt ) und einige Fahrzeuge hatten es sehr eilig.<\/p>\n<p>Nach knapp einer Stunde und 60 Kilometern war das Ziel, der Parkplatz erreicht und von hier ging es alleine in die W\u00fcste. Toll, verlaufen konnte man sich kaum und Wasser hatte ich dabei, los ging es.<\/p>\n<p>Die D\u00fcnen sahen toll aus und ich konnte mich immer noch nicht satt sehen. Licht und Schatten auf den unterschiedliche Seiten der D\u00fcnen waren einfach immer wieder faszinierend. Ganz weit hinten am Horizont lag eine gro\u00dfe D\u00fcne und das war mein Ziel.<\/p>\n<p>Ich folgte den Spuren der Oryx Antilopen und erreichte nach gut einer Stunde mein Ziel. Das es jedoch so spektakul\u00e4r sein sollte, wusste ich nicht. Von \"meiner\" D\u00fcne aus schaute ich auf \u00a0ein Tal, in dem ein zweites deadvlei ( abgestorbene B\u00e4ume ) lag. Super, ich wagte es die steile D\u00fcne hinab zu gehen, wohl wissend dass ich da ja auch wieder hoch musste.<\/p>\n<p>Es lief aber alles gut und ich traute mir auch zu, das richtig einzusch\u00e4tzen. Ein \"D\u00fcnen Kletterer\" wird sicher nicht aus mir aber war mir auch klar. Ich verbrachte etwas Zeit im Tal, machte Fotos \u00a0und nach gut 3,5 Stunden war ich zur\u00fcck am Parkplatz. Jetzt reichte es auch und ich beschloss im Sossusvlei mein Zelt aufzubauen, ein Nickerchen zu machen und etwas zu essen. Toll wenn man immer alles dabei hat.<\/p>\n<p>Am Anfang waren noch ein paar Tourguides mit ihren G\u00e4sten in der N\u00e4he aber nach einer Stunde war ich allein.<\/p>\n<p>Super, wie das hier geht. Ich grillte mir ein Steak, Stromerte in der Gegend umher und fuhr gegen 16:30 Uhr zur\u00fcck. Das Licht war phantastisch und da durfte rin kurzer Stopp an D\u00fcne 45 nicht fehlen. Kein Mensch weit und breit und das bei bestem Licht. Da ich gestern schon viele Bilder gemacht hatte, beschloss ich nur ein kaltes Bierchen auf der D\u00fcne zu genie\u00dfen ( nein, nicht ganz oben \ud83d\ude42 mir reichten ein paar Meter) um danach gl\u00fccklich weiter zum Zeltplatz zu fahren.<\/p>\n<p>Ein sch\u00f6ner Tag, der mit einem herrlichen Sonnenuntergang und einem namibischen Gin endete.<\/p>\n<p>Fazit zu Sossusvlei.<\/p>\n<p>Auch nach der vierten Reise in diese Region werde ich den D\u00fcnen nicht m\u00fcde und komme gerne wieder.<\/p>\n<p>Danke Namibia<\/p>\n<\/div><\/div><\/div><\/div><\/div>","protected":false},"excerpt":{"rendered":"<p>Die Reisedaten\u00a0 28.08.2024 Flug nach Windhuk \u00fcber Z\u00fcrich und Johannesburg 29.08.2024 Fahrt zur Monteiro Campsite 30.08.2024 bis 02.09.24 Sossusvlei Lodge ( Campsite ) 03.09.2024 Swakopmund<\/p>\n","protected":false},"author":3,"featured_media":0,"parent":6671,"menu_order":0,"comment_status":"closed","ping_status":"closed","template":"","meta":{"footnotes":""},"class_list":["post-8307","page","type-page","status-publish","hentry"],"_links":{"self":[{"href":"https:\/\/kruste.selfhost.me\/wordpress\/index.php?rest_route=\/wp\/v2\/pages\/8307","targetHints":{"allow":["GET"]}}],"collection":[{"href":"https:\/\/kruste.selfhost.me\/wordpress\/index.php?rest_route=\/wp\/v2\/pages"}],"about":[{"href":"https:\/\/kruste.selfhost.me\/wordpress\/index.php?rest_route=\/wp\/v2\/types\/page"}],"author":[{"embeddable":true,"href":"https:\/\/kruste.selfhost.me\/wordpress\/index.php?rest_route=\/wp\/v2\/users\/3"}],"replies":[{"embeddable":true,"href":"https:\/\/kruste.selfhost.me\/wordpress\/index.php?rest_route=%2Fwp%2Fv2%2Fcomments&post=8307"}],"version-history":[{"count":3,"href":"https:\/\/kruste.selfhost.me\/wordpress\/index.php?rest_route=\/wp\/v2\/pages\/8307\/revisions"}],"predecessor-version":[{"id":8310,"href":"https:\/\/kruste.selfhost.me\/wordpress\/index.php?rest_route=\/wp\/v2\/pages\/8307\/revisions\/8310"}],"up":[{"embeddable":true,"href":"https:\/\/kruste.selfhost.me\/wordpress\/index.php?rest_route=\/wp\/v2\/pages\/6671"}],"wp:attachment":[{"href":"https:\/\/kruste.selfhost.me\/wordpress\/index.php?rest_route=%2Fwp%2Fv2%2Fmedia&parent=8307"}],"curies":[{"name":"wp","href":"https:\/\/api.w.org\/{rel}","templated":true}]}}