{"id":906,"date":"2014-12-05T20:02:47","date_gmt":"2014-12-05T19:02:47","guid":{"rendered":"http:\/\/kruste.selfhost.me\/wordpress\/?page_id=906"},"modified":"2016-04-22T12:46:04","modified_gmt":"2016-04-22T10:46:04","slug":"h2o-region-manila","status":"publish","type":"page","link":"https:\/\/kruste.selfhost.me\/wordpress\/?page_id=906","title":{"rendered":"H2O (Region Manila)"},"content":{"rendered":"<div id=\"pl-906\"  class=\"panel-layout\" ><div id=\"pg-906-0\"  class=\"panel-grid panel-no-style\" ><div id=\"pgc-906-0-0\"  class=\"panel-grid-cell\" ><div id=\"panel-906-0-0-0\" class=\"so-panel widget widget_black-studio-tinymce widget_black_studio_tinymce panel-first-child panel-last-child\" data-index=\"0\" ><div class=\"textwidget\"><div class=\"style_SkipStroke_2 shape-with-text flowDefining\">\n<div class=\"text-content style_External_485_494\">\n<div class=\"style\"><\/div>\n<div class=\"style\">\n<div class=\"style\">\n<p>Das H2O liegt in einem Vergn\u00fcgungspark direkt an der Manila Bay. In der n\u00e4heren Umgebung gibt es weitere Hotels, Shopping-Center, Banken, Restaurant und kleinere Bars. Die gro\u00dfe \"Mall of Asia\" ist schnell mit dem Taxi erreichbar ( wenn es\u00a0der Verkehr zul\u00e4sst ).<\/p>\n<p>Direkt beim Hotel gibt es einen\u00a0Aquapark mit Aquarium, Seel\u00f6wenshau, Arktiswelt und mehr. Weiter geh\u00f6rt ein kleines Shopping-Center zum H20\u00a0wobei die Gesch\u00e4fte und Restaurants f\u00fcr mich nicht wirklich von Interesse waren. Einen zweiten Besuch\u00a0ersparten wir uns besser und\u00a0dies galt auch f\u00fcr unser gebuchtes Fr\u00fchst\u00fcck, welches in einem der Restaurants in der Shoppingmall serviert wurde.<\/p>\n<p>Das H2O Hotel buchten wir aufgrund der Lage an der Manila Bay und dem gro\u00dfen Meerwasser Aquarium in den Zimmern. Die Manila Bay und die angrenzende\u00a0Strandpromenade \u00a0waren aber ein Flop bzw. im Rohbau. Die\u00a0gro\u00dfe Baustelle sah auch nicht so aus, als ob die Fertigstellung kurz bevor stand. Dies haben sich einige Anwohner bereits zu nutze gemacht und schon einmal Ihre Unterk\u00fcnfte hier aufgeschlagen.<\/p>\n<p>Die wirklich \u00dcberraschung war der Pool unseres\u00a0Hotels. Ich habe zum ersten Mal in einem\u00a0Schaubecken von\u00a0Seel\u00f6wen meine Runden gedreht. Sch\u00f6n, dass die Tier zu den Badezeiten nicht im Wasser und die Zuschauer noch nicht auf Ihren Pl\u00e4tzen waren. Vor der gro\u00dfen Trib\u00fcne ist es aber schon witzig zu schwimmen.<\/p>\n<p>Die Ausstattung der Zimmer war im Prinzip das einzig Interessante an diesem Hotel. Ein sch\u00f6nes, modernes Badezimmer sowie das gro\u00dfe Aquarium sind die H\u00f6hepunkte des H2O.<br \/>\nIch habe noch nie in einem Zimmer geschlafen, bei dem eine komplette Wand als Aquarium eingerichtet war. Nett ist auch der Hinweis gewesen, dass es besser sein am Morgen das Aquarium zu verdunkeln. Die Taucher, die die Scheiben reinigen k\u00f6nnten sonst direkt in das Zimmer schauen. Sicher ein spannender Job \ud83d\ude42<\/p>\n<\/div>\n<\/div>\n<\/div>\n<\/div>\n<\/div><\/div><\/div><div id=\"pgc-906-0-1\"  class=\"panel-grid-cell\" ><div id=\"panel-906-0-1-0\" class=\"so-panel widget widget_black-studio-tinymce widget_black_studio_tinymce panel-first-child panel-last-child\" data-index=\"1\" ><div class=\"textwidget\"><p><a href=\"http:\/\/kruste.selfhost.me\/wordpress\/wp-content\/uploads\/2014\/12\/P1030670.jpg\"><img loading=\"lazy\" decoding=\"async\" class=\"alignnone wp-image-909 size-full\" src=\"http:\/\/kruste.selfhost.me\/wordpress\/wp-content\/uploads\/2014\/12\/P1030670-e1417806009388.jpg\" alt=\"P1030670\" width=\"865\" height=\"1145\" srcset=\"https:\/\/kruste.selfhost.me\/wordpress\/wp-content\/uploads\/2014\/12\/P1030670-e1417806009388.jpg 865w, https:\/\/kruste.selfhost.me\/wordpress\/wp-content\/uploads\/2014\/12\/P1030670-e1417806009388-113x150.jpg 113w, https:\/\/kruste.selfhost.me\/wordpress\/wp-content\/uploads\/2014\/12\/P1030670-e1417806009388-226x300.jpg 226w, https:\/\/kruste.selfhost.me\/wordpress\/wp-content\/uploads\/2014\/12\/P1030670-e1417806009388-773x1024.jpg 773w, https:\/\/kruste.selfhost.me\/wordpress\/wp-content\/uploads\/2014\/12\/P1030670-e1417806009388-700x926.jpg 700w\" sizes=\"auto, (max-width: 865px) 100vw, 865px\" \/><\/a><\/p>\n<\/div><\/div><\/div><\/div><div id=\"pg-906-1\"  class=\"panel-grid panel-no-style\" ><div id=\"pgc-906-1-0\"  class=\"panel-grid-cell\" ><div id=\"panel-906-1-0-0\" class=\"so-panel widget widget_black-studio-tinymce widget_black_studio_tinymce panel-first-child\" data-index=\"2\" ><h3 class=\"widget-title\">Preise:<\/h3><div class=\"textwidget\"><hr \/>\n<ul>\n<li>Hotel 70 \u20ac pro Nacht f\u00fcr 2 Personen\u00a0 und 1 Kind inkl. Fr\u00fchst\u00fcck.<br \/>\n( Buchung als \u201eGl\u00fcckshotel\u201c bei Asiatravel ) Gebucht wurde\u00a0nur die Kategorie und der Bezirk. Der Hotelnamen wird sp\u00e4ter bekannt gegeben (Es gab nur ein Hotel mit dieser Ausstattung in dem\u00a0Bezirk und so war das Ergebnis nicht \u00fcberraschend).<\/li>\n<li>Taxi Flughafen - Hotel 500 Peso<\/li>\n<li>Taxi Kurzstrecke 5 km ca. 100 Peso<\/li>\n<li>Bier 50 Peso<\/li>\n<li>Softdrink 40 Peso<\/li>\n<li>Liter Benzin ca. 60 Peso<\/li>\n<\/ul>\n<\/div><\/div><div id=\"panel-906-1-0-1\" class=\"so-panel widget widget_black-studio-tinymce widget_black_studio_tinymce\" data-index=\"3\" ><h3 class=\"widget-title\">Kommunikation:<\/h3><div class=\"textwidget\"><div id=\"id4\" class=\"style_SkipStroke_4 shape-with-text\">\n<div class=\"text-content graphic_textbox_layout_style_default_External_138_130\">\n<div class=\"graphic_textbox_layout_style_default\">\n<hr \/>\n<p class=\"Caption\">Internetzugang per WLAN ist verf\u00fcgbar.<\/p>\n<\/div>\n<\/div>\n<\/div>\n<\/div><\/div><div id=\"panel-906-1-0-2\" class=\"so-panel widget widget_black-studio-tinymce widget_black_studio_tinymce\" data-index=\"4\" ><div class=\"textwidget\"><p><a href=\"http:\/\/kruste.selfhost.me\/wordpress\/wp-content\/uploads\/2014\/12\/P1030666-e1417806053176.jpg\"><img loading=\"lazy\" decoding=\"async\" class=\"alignnone size-full wp-image-910\" src=\"http:\/\/kruste.selfhost.me\/wordpress\/wp-content\/uploads\/2014\/12\/P1030666-e1417806053176.jpg\" alt=\"P1030666\" width=\"1720\" height=\"558\" srcset=\"https:\/\/kruste.selfhost.me\/wordpress\/wp-content\/uploads\/2014\/12\/P1030666-e1417806053176.jpg 1720w, https:\/\/kruste.selfhost.me\/wordpress\/wp-content\/uploads\/2014\/12\/P1030666-e1417806053176-150x48.jpg 150w, https:\/\/kruste.selfhost.me\/wordpress\/wp-content\/uploads\/2014\/12\/P1030666-e1417806053176-300x97.jpg 300w, https:\/\/kruste.selfhost.me\/wordpress\/wp-content\/uploads\/2014\/12\/P1030666-e1417806053176-1024x332.jpg 1024w, https:\/\/kruste.selfhost.me\/wordpress\/wp-content\/uploads\/2014\/12\/P1030666-e1417806053176-700x227.jpg 700w\" sizes=\"auto, (max-width: 1720px) 100vw, 1720px\" \/><\/a><\/p>\n<\/div><\/div><div id=\"panel-906-1-0-3\" class=\"so-panel widget widget_black-studio-tinymce widget_black_studio_tinymce\" data-index=\"5\" ><h3 class=\"widget-title\">Anreise:<\/h3><div class=\"textwidget\"><hr \/>\n<p>Per Taxi von Flughafen Manila. Die Preise variieren\u00a0stark je nach gew\u00e4hltem Unternehmen. Der\u00a0vom Hotel\u00a0angebotene Transfer liegt preislich sehr weit \u00fcber dem offiziellem Fahrpreis.\u00a0Der\u00a0Bitte ein regul\u00e4res Taxi zu bestellen wurde vom Hotel nicht nachgekommen !<\/p>\n<p>&nbsp;<\/p>\n<\/div><\/div><div id=\"panel-906-1-0-4\" class=\"so-panel widget widget_black-studio-tinymce widget_black_studio_tinymce\" data-index=\"6\" ><h3 class=\"widget-title\">Meine Reisezeiten:<\/h3><div class=\"textwidget\"><hr \/>\n<ul>\n<li>M\u00e4rz\u00a02012<\/li>\n<\/ul>\n<p class=\"paragraph_style\">\n<\/p><\/div><\/div><div id=\"panel-906-1-0-5\" class=\"so-panel widget widget_black-studio-tinymce widget_black_studio_tinymce\" data-index=\"7\" ><h3 class=\"widget-title\">Das Wetter:<\/h3><div class=\"textwidget\"><hr \/>\n<p class=\"paragraph_style\">M\u00e4rz\u00a02012<\/p>\n<ul>\n<li>Bew\u00f6lkt und leichter Regen bei circa 27\u00b0C.<\/li>\n<\/ul>\n<\/div><\/div><div id=\"panel-906-1-0-6\" class=\"so-panel widget widget_black-studio-tinymce widget_black_studio_tinymce\" data-index=\"8\" ><h3 class=\"widget-title\">Zimmer:<\/h3><div class=\"textwidget\"><hr \/>\n<p>Ein sehr sch\u00f6nes und modernes Badezimmer, LCD TV und das gro\u00dfe Aquarium machen schon was her. Das gro\u00dfe Doppelbett war bequem. F\u00fcr das\u00a0Zimmer w\u00fcrde ich eine gute Note vergeben auch wenn mir ein Fenster fehlte.<\/p>\n<p style=\"color: #919191;\">\n<\/p><\/div><\/div><div id=\"panel-906-1-0-7\" class=\"so-panel widget widget_black-studio-tinymce widget_black_studio_tinymce\" data-index=\"9\" ><div class=\"textwidget\"><p><a href=\"http:\/\/kruste.selfhost.me\/wordpress\/wp-content\/uploads\/2014\/12\/P1030681-e1417806100489.jpg\"><img loading=\"lazy\" decoding=\"async\" class=\"alignnone size-full wp-image-911\" src=\"http:\/\/kruste.selfhost.me\/wordpress\/wp-content\/uploads\/2014\/12\/P1030681-e1417806100489.jpg\" alt=\"P1030681\" width=\"2021\" height=\"474\" srcset=\"https:\/\/kruste.selfhost.me\/wordpress\/wp-content\/uploads\/2014\/12\/P1030681-e1417806100489.jpg 2021w, https:\/\/kruste.selfhost.me\/wordpress\/wp-content\/uploads\/2014\/12\/P1030681-e1417806100489-150x35.jpg 150w, https:\/\/kruste.selfhost.me\/wordpress\/wp-content\/uploads\/2014\/12\/P1030681-e1417806100489-300x70.jpg 300w, https:\/\/kruste.selfhost.me\/wordpress\/wp-content\/uploads\/2014\/12\/P1030681-e1417806100489-1024x240.jpg 1024w, https:\/\/kruste.selfhost.me\/wordpress\/wp-content\/uploads\/2014\/12\/P1030681-e1417806100489-700x164.jpg 700w\" sizes=\"auto, (max-width: 2021px) 100vw, 2021px\" \/><\/a><\/p>\n<\/div><\/div><div id=\"panel-906-1-0-8\" class=\"so-panel widget widget_black-studio-tinymce widget_black_studio_tinymce\" data-index=\"10\" ><h3 class=\"widget-title\">K\u00fcche \/ Restaurant:<\/h3><div class=\"textwidget\"><hr \/>\n<p>Besser kein Kommentar.<\/p>\n<\/div><\/div><div id=\"panel-906-1-0-9\" class=\"so-panel widget widget_black-studio-tinymce widget_black_studio_tinymce\" data-index=\"11\" ><h3 class=\"widget-title\">Personal:<\/h3><div class=\"textwidget\"><hr \/>\n\nFreundlich und hilfsbereit aber nicht besonders zuverl\u00e4ssig.\n\n&nbsp;\n\n&nbsp;\n\n&nbsp;<\/div><\/div><div id=\"panel-906-1-0-10\" class=\"so-panel widget widget_black-studio-tinymce widget_black_studio_tinymce\" data-index=\"12\" ><h3 class=\"widget-title\">Aktivit\u00e4ten:<\/h3><div class=\"textwidget\"><hr \/>\n<p>Ein\u00a0Spaziergang auf der Promenade\u00a0ist nicht m\u00f6glich und bei dem\u00a0Stadtbummel sollten Aspekte der Sicherheit nicht ausser Acht gelassen werden. Ich habe mich trotzdem in der Gegend umgesehen und interessante Eigenheiten entdeckt. Da sind zum einen die Tanks\u00e4ulen deren Zapfpistolen in 2 Meter h\u00f6he h\u00e4ngen\u00a0um Diebst\u00e4hlen zu vermeiden oder Fahrr\u00e4der, welche mit Handschellen gesichert sind. Dem Wachpersonal mit Pumpguns vor fast allen besseren Gesch\u00e4ften schenkt man nach kurzer Zeit keine Aufmerksamkeit mehr. Das Gleiche gilt f\u00fcr die Sicherheitskontrollen vor dem Betreten der Einkaufszentren, die gro\u00dfe \u00c4hnlichkeit zu\u00a0den Kontrollen an Flugh\u00e4fen aufweisen.<\/p>\n<p>&nbsp;<\/p>\n<\/div><\/div><div id=\"panel-906-1-0-11\" class=\"so-panel widget widget_black-studio-tinymce widget_black_studio_tinymce panel-last-child\" data-index=\"13\" ><h3 class=\"widget-title\">Tipps:<\/h3><div class=\"textwidget\"><hr \/>\n<ul>\n<li>Vorab gut \u00fcber Manila informieren !<\/li>\n<li>Sicherheitshinweise beachten !!<\/li>\n<li>Roxas Boulevard ( Fisch kaufen und direkt im Restaurant zubereiten lassen )<\/li>\n<\/ul>\n<\/div><\/div><\/div><\/div><div id=\"pg-906-2\"  class=\"panel-grid panel-no-style\" ><div id=\"pgc-906-2-0\"  class=\"panel-grid-cell\" ><div id=\"panel-906-2-0-0\" class=\"so-panel widget widget_black-studio-tinymce widget_black_studio_tinymce panel-first-child\" data-index=\"14\" ><h3 class=\"widget-title\">Sicherheit:<\/h3><div class=\"textwidget\"><hr \/>\n<p class=\"paragraph_style\">Ich habe mich selten in einer Stadt so unsicher gef\u00fchlt. Sicherheitskontrollen und Wachpersonal geh\u00f6ren zum Stadtbild, Autot\u00fcren und Fenster m\u00fcssen immer geschlossen sein \u00a0und Wertgegenst\u00e4nde tr\u00e4gt man nicht auf der Stra\u00dfe. Somit blieb die Fotoausr\u00fcstung im Hotel und der Rucksack im Taxi wurde st\u00e4ndig festgehalten. Stra\u00dfenkinder reissen sonst die Autot\u00fcren auf und klauen alles was nicht gesichert ist. Das man bei den Taxipreisen betrogen wird ist schon reine Nebensache.<\/p>\n<\/div><\/div><div id=\"panel-906-2-0-1\" class=\"so-panel widget widget_black-studio-tinymce widget_black_studio_tinymce\" data-index=\"15\" ><h3 class=\"widget-title\">Klartext:<\/h3><div class=\"textwidget\"><hr \/>\n<p>Unser Hotel war, bis auf das nette Zimmer, ein Reinfall. Der Stadtteil ein Fehlgriff und mit dem Wetter hatten wir auch Pech. Ich w\u00fcrde Manila noch einmal eine Chance geben, meine Familie aber nicht. Es st\u00f6rt mich aber nicht sehr und so versuche ich Manila bei der n\u00e4chsten Reise auf die Philippinen zu umgehen. Das Land besuche ich aber sicherlich noch einmal.<\/p>\n<\/div><\/div><div id=\"panel-906-2-0-2\" class=\"so-panel widget widget_black-studio-tinymce widget_black_studio_tinymce panel-last-child\" data-index=\"16\" ><div class=\"textwidget\"><p><a href=\"http:\/\/kruste.selfhost.me\/wordpress\/wp-content\/uploads\/2014\/12\/P1030688-e1417806146474.jpg\"><img loading=\"lazy\" decoding=\"async\" class=\"alignnone size-full wp-image-912\" src=\"http:\/\/kruste.selfhost.me\/wordpress\/wp-content\/uploads\/2014\/12\/P1030688-e1417806146474.jpg\" alt=\"P1030688\" width=\"1951\" height=\"498\" srcset=\"https:\/\/kruste.selfhost.me\/wordpress\/wp-content\/uploads\/2014\/12\/P1030688-e1417806146474.jpg 1951w, https:\/\/kruste.selfhost.me\/wordpress\/wp-content\/uploads\/2014\/12\/P1030688-e1417806146474-150x38.jpg 150w, https:\/\/kruste.selfhost.me\/wordpress\/wp-content\/uploads\/2014\/12\/P1030688-e1417806146474-300x76.jpg 300w, https:\/\/kruste.selfhost.me\/wordpress\/wp-content\/uploads\/2014\/12\/P1030688-e1417806146474-1024x261.jpg 1024w, https:\/\/kruste.selfhost.me\/wordpress\/wp-content\/uploads\/2014\/12\/P1030688-e1417806146474-700x178.jpg 700w\" sizes=\"auto, (max-width: 1951px) 100vw, 1951px\" \/><\/a><\/p>\n<\/div><\/div><\/div><\/div><\/div>","protected":false},"excerpt":{"rendered":"<p>Das H2O liegt in einem Vergn\u00fcgungspark direkt an der Manila Bay. In der n\u00e4heren Umgebung gibt es weitere Hotels, Shopping-Center, Banken, Restaurant und kleinere Bars.<\/p>\n","protected":false},"author":1,"featured_media":0,"parent":902,"menu_order":0,"comment_status":"closed","ping_status":"closed","template":"","meta":{"footnotes":""},"class_list":["post-906","page","type-page","status-publish","hentry"],"_links":{"self":[{"href":"https:\/\/kruste.selfhost.me\/wordpress\/index.php?rest_route=\/wp\/v2\/pages\/906","targetHints":{"allow":["GET"]}}],"collection":[{"href":"https:\/\/kruste.selfhost.me\/wordpress\/index.php?rest_route=\/wp\/v2\/pages"}],"about":[{"href":"https:\/\/kruste.selfhost.me\/wordpress\/index.php?rest_route=\/wp\/v2\/types\/page"}],"author":[{"embeddable":true,"href":"https:\/\/kruste.selfhost.me\/wordpress\/index.php?rest_route=\/wp\/v2\/users\/1"}],"replies":[{"embeddable":true,"href":"https:\/\/kruste.selfhost.me\/wordpress\/index.php?rest_route=%2Fwp%2Fv2%2Fcomments&post=906"}],"version-history":[{"count":1,"href":"https:\/\/kruste.selfhost.me\/wordpress\/index.php?rest_route=\/wp\/v2\/pages\/906\/revisions"}],"predecessor-version":[{"id":2160,"href":"https:\/\/kruste.selfhost.me\/wordpress\/index.php?rest_route=\/wp\/v2\/pages\/906\/revisions\/2160"}],"up":[{"embeddable":true,"href":"https:\/\/kruste.selfhost.me\/wordpress\/index.php?rest_route=\/wp\/v2\/pages\/902"}],"wp:attachment":[{"href":"https:\/\/kruste.selfhost.me\/wordpress\/index.php?rest_route=%2Fwp%2Fv2%2Fmedia&parent=906"}],"curies":[{"name":"wp","href":"https:\/\/api.w.org\/{rel}","templated":true}]}}