{"id":965,"date":"2014-12-29T16:06:32","date_gmt":"2014-12-29T15:06:32","guid":{"rendered":"http:\/\/kruste.selfhost.me\/wordpress\/?page_id=965"},"modified":"2020-06-10T12:06:09","modified_gmt":"2020-06-10T10:06:09","slug":"blog-2011-bali","status":"publish","type":"page","link":"https:\/\/kruste.selfhost.me\/wordpress\/?page_id=965","title":{"rendered":"BLOG 2011 (Bali, der Norden mit Freunden)"},"content":{"rendered":"<div id=\"pl-965\"  class=\"panel-layout\" ><div id=\"pg-965-0\"  class=\"panel-grid panel-no-style\" ><div id=\"pgc-965-0-0\"  class=\"panel-grid-cell\" ><div id=\"panel-965-0-0-0\" class=\"so-panel widget panel-first-child\" data-index=\"0\" ><\/div><div id=\"panel-965-0-0-1\" class=\"so-panel widget widget_black-studio-tinymce widget_black_studio_tinymce panel-last-child\" data-index=\"1\" ><div class=\"textwidget\"><div class=\"article-main-content\">\n<div class=\"article-content\">\n<div class=\"article-main-content\">\n<div class=\"article-content\">\n<p><span style=\"text-decoration: underline;\"><strong>Die Reisedaten<\/strong><\/span><\/p>\n<p>\u00a0<\/p>\n<p>23.07.2011<\/p>\n<ul>\n<li>Fahrt mit der DB nach Frankfurt<\/li>\n<\/ul>\n<p>23.07.2011<\/p>\n<ul>\n<li>Flug \u00fcber Taipeh nach Denpasar<\/li>\n<\/ul>\n<p>24.07.2011 - 03.08.2011<\/p>\n<ul>\n<li>Pondok Sari <span style=\"color: #99cc00;\">(B)<\/span><\/li>\n<\/ul>\n<p>03.08.2011 - 10.08.2011<\/p>\n<ul>\n<li>Alam Batu <span style=\"color: #99cc00;\">(C)<\/span><\/li>\n<\/ul>\n<p>10.08.2011<\/p>\n<ul>\n<li>Flug \u00fcber Taipeh nach\u00a0Frankfurt. Bahnfahrt nach Hannover<\/li>\n<\/ul>\n<p>\u00a0<\/p>\n<\/div>\n<\/div>\n<\/div>\n<\/div>\n<\/div><\/div><\/div><\/div><div id=\"pg-965-1\"  class=\"panel-grid panel-no-style\" ><div id=\"pgc-965-1-0\"  class=\"panel-grid-cell\" ><div id=\"panel-965-1-0-0\" class=\"so-panel widget widget_black-studio-tinymce widget_black_studio_tinymce panel-first-child\" data-index=\"2\" ><h3 class=\"widget-title\">22.07.2011<\/h3><div class=\"textwidget\"><div class=\"article-main-content\">\n<div class=\"article-content\">\n<p class=\"paragraph_style\"><span style=\"text-decoration: underline;\"><strong>Koffer und Co<\/strong><\/span><\/p>\n<p class=\"paragraph_style\">Wir haben uns vorab entschlossen 100 \u20ac f\u00fcr 20 Kg Tauchgep\u00e4ck zu \u201eopfern\u201c. Somit stehen uns f\u00fcr 3 Personen 80 kg statt 60 kg zur Verf\u00fcgung. Jetzt geht es mit Elan ans Kofferpacken.<\/p>\n<p>Wie bef\u00fcrchtet. Auch 80 Kilo sind nicht viel bei 3 Personen, Tauchgep\u00e4ck und Fotoausr\u00fcstung. Kekse ins Handgep\u00e4ck, T-Shirts und Taschen gegen leichte Version tauschen. Jetzt stehen noch 81 kg auf der Waage, das muss gehen.<\/p>\n<p>Wir sind uns nicht sicher, welchen Zug wir nehmen. Es gibt die M\u00f6glichkeit um 05:20 Uhr mit Umstieg in Frankfurt oder um 06:41 Uhr direkt zum Frankfurter Flughafen. Der sp\u00e4te Zug kommt nur genau 2 Stunden vor Abflug in Frankfurt an. Das k\u00f6nnte eng werden aber um 05:20 Uhr f\u00e4hrt noch kein Bus zum Bahnhof in Hannover.<\/p>\n<p>Dank des eCheck In von China Airlines, verk\u00fcrzt sich die CheckIn Zeit vor Ort von 2 Stunden auf eine Stunde. So sollte es reichen und wir nehmen den sp\u00e4ten Zug.<\/p>\n<\/div>\n<\/div>\n<\/div><\/div><div id=\"panel-965-1-0-1\" class=\"so-panel widget widget_black-studio-tinymce widget_black_studio_tinymce\" data-index=\"3\" ><h3 class=\"widget-title\">23.07.2011<\/h3><div class=\"textwidget\"><div class=\"article-main-content\">\n<div class=\"article-content\">\n<p><span style=\"text-decoration: underline;\"><strong>Die Hinreise:<\/strong><\/span><\/p>\n<p>Wir sind p\u00fcnktlich am Bahnhof. Der Bus fuhr um 05:55 Uhr und es gab kaum Stress. Die Vorbereitung war gut. Wir freuen uns auf tolle Wochen in Indonesien.<\/p>\n<p>Wie erwartet hatte der Zug Versp\u00e4tung. Ein Defekt an einem Wagon war schuld. Die Versp\u00e4tung betrug 15 Minuten und es wird eng in Frankfurt werden, aber durch den eCheckIn sollten wir noch genug Zeit haben. Unsere\u00a0 Freunde aus Aachen schreiben schon per SMS, dass Sie sich ein Sektfr\u00fchst\u00fcck im ICE g\u00f6nnen.<\/p>\n<p>Der Check In am Flughafen verlief ohne gro\u00dfe Probleme. Bei den Sitzpl\u00e4tzen gab es ein paar kleine Unstimmigkeiten, da unsere Reservierung nicht mehr stimmten. Nicht so tragisch.<\/p>\n<p>Mehr Sorge machte mir, dass unsere Koffer wohl falsch etikettiert worden sind. Beim Boarding gab es noch neue Kofferaufkleber. Ich hoffe sehr, dass alle Gep\u00e4ckst\u00fccke den Weg nach Bali finden werden.\u00a0<\/p>\n<p>Das Flugzeug ist ein neuer Airbus A340-300. Das Unterhaltungsprogramm ist recht gut und es gibt auch einige Filme in deutscher Sprache. Ohne dies w\u00e4re der 13 st\u00fcndigen Flug auch kaum zu ertragen.<\/p>\n<p>Der Flieger ist ausgebucht und der Flug verl\u00e4uft sehr ruhig.<\/p>\n<p>In Taipeh angekommen finden wir wieder nicht die richtige Shopping Mal. Es stellte sich heraus, dass wir in der falschen Etage gesucht haben. In der 2 Etage sind die Gesch\u00e4fte, nicht in der ersten.<\/p>\n<p>Leider verstehen uns die Angestellten sehr schlecht und wir finden die Treppe nach oben nicht. Es dauert so seine Zeit, bis auch wir den Weg finden. Geschafft.<\/p>\n<p>Nach 2 Stunden geht es weiter in Richtung Bali. Ein neuer Airbus A330-300 mit tollem Entertainment. So w\u00fcnscht man sich das. Auch dieser Flug dauert fast 5 Stunden. Wir werden gut schlafen.<\/p>\n<p>Nach unserer Ankunft in Denpasar gibt es das erste Problem. Wir werden nicht wie erwartet abgeholt. Es stellte sich recht schnell heraus, dass ich Ubut Taxi den verkehrte Ankunftstag mitgeteilt hatte. Wie kann das passieren ? Statt dem 24.07.11 hatte ich den 27.07.11 mitgeteilt. Dieser wurde mir auch best\u00e4tigt. Mist, aber es fand sich schnell ein Taxi. Besser sogar, wir haben einen gro\u00dfen Bus gemietet, der f\u00fcr 10 Personen gereicht h\u00e4tte. Wir konnten so alle in einem Bus fahren und haben noch 200.000 IDR gespart. Jetzt muss ich nur noch Ubut Taxi informieren.<\/p>\n<p>Die Fahrt zum Hotel dauerte 4 Stunden und unser Fahrer gab alles, um die Zeit zu halten. Ich w\u00fcrde hier nur sehr ungern Auto fahren. Es wird gehupt, gedr\u00e4ngelt und recht schnell gefahren. Alles geschieht ohne Stress und \u00c4rger, aber die vielen Motorr\u00e4der machen es gef\u00e4hrlich. Es ist keine Seltenheit, dass nur wenige Zentimeter ( und das meine ich so wie ich es schreibe ) Abstand gehalten werden.<\/p>\n<p>Schnelles Bremsen und gute Reaktion sind hier ein muss. W\u00e4ren wir nicht schon so lange auf den Beinen, h\u00e4tten wir sicher auch mehr von der Landschaft mitbekommen. Aber so gibt es noch einen kurz einen Stopp in den Bergen um den tollen Sonnenuntergang zu fotografieren und dann fallen uns auch schon die Augen zu.<\/p>\n<p>Nur mir nicht. Ich sitze neben dem Fahrer und da kann man nicht schlafen. Viel zu aufregend.\u00a0<\/p>\n<\/div>\n<\/div>\n<\/div><\/div><div id=\"panel-965-1-0-2\" class=\"so-panel widget widget_black-studio-tinymce widget_black_studio_tinymce\" data-index=\"4\" ><h3 class=\"widget-title\">25.07.2011<\/h3><div class=\"textwidget\"><div class=\"article-main-content\">\n<div class=\"article-content\">\n<p><span style=\"text-decoration: underline;\"><strong>Die ersten Tage:<\/strong><\/span><\/p>\n<p>Nach einer ruhigen Nacht wache ich gegen 07:00 Uhr auf und geniesse die Sonne. Die lange Anreise hat ihre Spuren hinterlassen und ich brauche einen Moment um den richtigen Durchblick zu bekommen. Etwas st\u00f6rend empfinde ich den L\u00e4rm von der Star\u00dfe. Autos, und gerade die vielen Motorr\u00e4der, sind gut zu h\u00f6ren.<\/p>\n<p>Der erste Gang zum Meer l\u00e4sst viel erwarten. Der Garten ist recht h\u00fcbsch und die Sonnenstrahlen scheinen durch den dichten Bewuchs im Garten. Auf dem kurzen Weg zum Strand halte ich meinen Fuss in der kleinen Swimmingpool und stelle fest, dass das Meer wohl w\u00e4rmer sein wird (so hoffe ich).<\/p>\n<p>Nach ca. 60 Metern bin ich am Strand.\u00a0 Schwarzer Sand umsp\u00fclt meine F\u00fcsse und das warme Meer l\u00e4dt zum Schwimmen ein. Ich kann nicht widerstehen und hole Maske und Schnorchel.<\/p>\n<p>Nach einer guten halben Stunde hatte ich Feuerfisch, Scorpionfisch, Jackfische und viele kleine Korallenfische gesehen und versp\u00fcrte Hunger. Das Fr\u00fchst\u00fcck wartete !<\/p>\n<\/div>\n<\/div>\n<\/div><\/div><div id=\"panel-965-1-0-3\" class=\"so-panel widget widget_black-studio-tinymce widget_black_studio_tinymce\" data-index=\"5\" ><h3 class=\"widget-title\">27.07.2011<\/h3><div class=\"textwidget\"><div class=\"article-main-content\">\n<div class=\"article-content\">\n<p><span style=\"text-decoration: underline;\"><strong>Der erste Urlaubstag<\/strong><\/span><\/p>\n<p>Nach ein paar Metern am Strand ist die Lage klar.<\/p>\n<p>Tauchen:\u00a0<\/p>\n<p>Tauchen am Hausriff ist m\u00f6glich und kostet 20 \u20ac<\/p>\n<p>Tauchen am Riff 30 \u20ac<\/p>\n<p>Menjangan 2 TG 65 - 70 \u20ac<\/p>\n<p>Die Hotels am Strand verlangen hohe Aufpreise.<\/p>\n<p>\u00a0Bier \u00a0 \u00a0 \u00a0 \u00a0 \u00a0 \u00a0 \u00a0 \u00a0 \u00a0 47.000 IDR\u00a0 \u00a0 zu \u00a0 \u00a0 29.000 IDR<\/p>\n<p>\u00a0Tuna Steak \u00a0 \u00a0 \u00a0 \u00a0 70.000 IDR\u00a0 \u00a0 zu \u00a0 \u00a0 35.00 IDR<\/p>\n<p>\u00a0T-Shirt waschen\u00a0 \u00a0 10.000 IDR\u00a0 \u00a0 zu \u00a0 \u00a0 2.000 IDR<\/p>\n<p>.........<\/p>\n<p>Wir nutzen die g\u00fcnstigen Preise an der Strasse und geniessen die h\u00f6herer Qualit\u00e4t. Das Fr\u00fchst\u00fcck im Hotel ist nicht besonders gut aber schon in Deutschland bezahlt. So essen wir kurz etwas zum Fr\u00fchst\u00fcck, gehen zum Tauchen, planschen im warmen Meer und trinken zum Feierabend ein Bier aus dem Shop am Steg. So kann man es aushalten.<\/p>\n<\/div>\n<\/div>\n<\/div><\/div><div id=\"panel-965-1-0-4\" class=\"so-panel widget widget_black-studio-tinymce widget_black_studio_tinymce\" data-index=\"6\" ><h3 class=\"widget-title\">01.08.2011<\/h3><div class=\"textwidget\"><div class=\"article-main-content\">\n<div class=\"article-content\">\n<p><span style=\"text-decoration: underline;\"><strong>Der perfekte Tag:<\/strong><\/span><\/p>\n<p>in Pemuteran k\u00f6nnte mit einem Fr\u00fchst\u00fcck in einer der bequemen Sofaecken am Strand beginnen. Die Croissants hat man sich am Vortag aus der B\u00e4ckerei geholt und bei der Morgentoilette k\u00f6nnen in der Sonne die V\u00f6gel beobachtet werden.<\/p>\n<p>Weiter geht es mit einer Fahrt zum Naturschutzgebiet Menjangan Island. Zwei Tauchg\u00e4nge bei guter Sicht und wenig Str\u00f6mung runden den Vormittag ab.<\/p>\n<p>Die Fahrt zur\u00fcck zum Festland ist ruhig und kann vom Bug des kleinen Boot genossen werden.\u00a0<\/p>\n<p>Zur\u00fcck im Pondok Sari geht es, nach einer Dusche im Sonnenschein, auf zur Strasse um etwas Business zu machen. Das gekaufte Guiness wird am Steg getrunken und sp\u00e4ter beim Spielen in den Wellen wieder abgearbeitet.<\/p>\n<p>Zum Abendessen geht es in einen der vielen Warungs. Es steht frischer Fisch auf dem Plan und zum Nachtisch eine Reisrolle mit Kokkus und Vanilleeis. Der Tag wird mit einem Arag Atak beendet.\u00a0\u00a0<\/p>\n<p>\u00a0<\/p>\n<p>Man kann es gut aushalten in Pemuteran. Ein zweites Mal w\u00fcrde ich aber nicht herkommen wollen.<\/p>\n<\/div>\n<\/div>\n<\/div><\/div><div id=\"panel-965-1-0-5\" class=\"so-panel widget widget_black-studio-tinymce widget_black_studio_tinymce\" data-index=\"7\" ><h3 class=\"widget-title\">04.08.2011<\/h3><div class=\"textwidget\"><div class=\"article-main-content\">\n<div class=\"article-content\">\n<p><span><strong><span style=\"text-decoration: underline;\">Der erste Tag im Alam Batu:<\/span><\/strong><\/span><\/p>\n<p>Die Nacht war ruhig. Zwar hat auch hier die Badezimmert\u00fcr Krach gemacht aber das konnte ich mit meinem R\u00fccksack unterbinden.<\/p>\n<p>Vom Bett aus beobachte ich den Sonnenaufgang ( 06:00 Uhr ) und freue mich \u00fcber den Moment. Wo hat man das schon. Die Sonne tauch den Garten in ein herrliches Licht und ich geniesse es vom Bett auf der Terrasse. Endlich komme ich ich dazu meinen BLOG zu schreiben und vervollst\u00e4ndige das Tauchbuch. Ich glaube, so\u00a0wird mein Tag jeden Morgen beginnen. Ich freu mich drauf, nur der Wind muss noch nachlassen.\u00a0<\/p>\n<\/div>\n<\/div>\n<\/div><\/div><div id=\"panel-965-1-0-6\" class=\"so-panel widget widget_black-studio-tinymce widget_black_studio_tinymce\" data-index=\"8\" ><h3 class=\"widget-title\">06.08.2011<\/h3><div class=\"textwidget\"><div class=\"article-main-content\">\n<div class=\"article-content\">\n<p><span><strong><span style=\"text-decoration: underline;\">Die folgenden Tage:<\/span><\/strong><\/span><\/p>\n<p>Der Wind legt sich gen Abend und beginnt leider mit Sonnenaufgang wieder st\u00e4rker zu wehen. Die Tauchg\u00e4nge werden aber kaum beeintr\u00e4chtigt. Sicht und Str\u00f6mung sind gut f\u00fcr entspannte Tauchg\u00e4nge.<\/p>\n<p>Es stehen aber nicht nur Tauchg\u00e4nge auf dem Programm. Wir nehmen uns einen Roller und fahren zum Hahnenkampf oder\u00a0einfach nur so in der Gegend herum. Reisterrassen und Tempel sind unsere Ziel und das am Strassenrand auch mal ein Tunfisch gekauft wird, ist Ehrensache.<\/p>\n<p>Das Personal im Alam Batu ist so nett und bereitet uns gegen ein kleines Endgeld den Fisch zu. Roher Fisch mit Limone ist ein Traum. Bitte mehr davon.\u00a0<\/p>\n<p>\u00a0<\/p>\n<\/div>\n<\/div>\n<\/div><\/div><div id=\"panel-965-1-0-7\" class=\"so-panel widget widget_black-studio-tinymce widget_black_studio_tinymce panel-last-child\" data-index=\"9\" ><h3 class=\"widget-title\">23.10.2008<\/h3><div class=\"textwidget\"><div class=\"article-main-content\">\n<div class=\"article-content\">\n<p><span style=\"text-decoration: underline;\"><strong>Der letzte Tauchtag und die R\u00fcckreise:<\/strong><\/span><\/p>\n<p>Wir wollen noch einmal zum Wrack. Das fr\u00fche Aufstehen st\u00f6rt mich nicht und es ist die letzte M\u00f6glichkeit. Leider merke ich schon, dass etwas nicht stimmt. Ich bin nicht so konzentriert und der Kopf ist etwas warm. Na gut, noch den Tauchgang noch und dann gibt es eine Pause.<\/p>\n<p>Wir haben etwas st\u00e4rke Str\u00f6mung und habe keine Lust. Das gibt es auch. Ich tauche nur so und f\u00fchle mich nicht gut. Nach 20 Minuten breche ich den Tauchgang ab. Es wird mir zu gef\u00e4hrlich. Zum Gl\u00fcck sind noch mehr Taucher dabei und ich verderbe denen nicht den Tag. Auf dem Boot habe ich Kopfschmerzen und f\u00fchle mich schwach. Fieber macht sich breit.<\/p>\n<p>Wir warten noch auf die restlichen Taucher und dann geht es ab zum Hotel. Beim Reinigen der Ausr\u00fcstung meldet sich auch noch der Leckwarner des Hugyfot. Mir egal ! Ich will nur noch ins Bett. Da nur ein kleiner Tropfen Wasser im Geh\u00e4use ist, mache ich mir keine Gedanke. Das wird sich schon kl\u00e4ren.<\/p>\n<p>Die n\u00e4chsten Stunden geht es mir nicht gut. Hohes Fieber > 40\u00b0C lassen mich an alles denken. Tauchunfall ?? Zum Gl\u00fcck haben wir eine Versicherung mit Ansprechpartner in Deutschland. Ein kurzer Anruf gab Entwarnung. Kein Tauchunfall, der macht sich nicht so bemerkbar. Das Fieber h\u00e4lt sich bei 40\u00b0C und steigt\u00a0nicht h\u00f6her. Medikamente helfen mir \u00fcber die Nacht. Ein Arzt in der Umgebung ist nicht erreichbar. Ich hoffe am n\u00e4chsten Tag wird es besser. Und es wurde besser !\u00a0<\/p>\n<p>Bei Check Out stellte sich heraus, dass ich nicht der Einzige mit Problemen war. Andere G\u00e4ste mussten Ihren Ausflug absagen. Was das wohl war ?!<\/p>\n<p>Die R\u00fcckreise verlief ohne Probleme. Ubut Taxi war p\u00fcnktlich, der Flieger hatte keinen Defekt und die Bahn war p\u00fcnktlich.<\/p>\n<p>Wichtig f\u00fcr mich, es geht mir besser !<\/p>\n<\/div>\n<\/div>\n<\/div><\/div><\/div><\/div><\/div>","protected":false},"excerpt":{"rendered":"<p>Die Reisedaten\u00a023.07.2011Fahrt mit der DB nach Frankfurt23.07.2011Flug \u00fcber Taipeh nach Denpasar24.07.2011 &#8211; 03.08.2011Pondok Sari (B)03.08.2011 &#8211; 10.08.2011Alam Batu (C)10.08.2011Flug \u00fcber Taipeh nach\u00a0Frankfurt. Bahnfahrt nach Hannover\u00a0<\/p>\n","protected":false},"author":1,"featured_media":0,"parent":6671,"menu_order":0,"comment_status":"closed","ping_status":"closed","template":"","meta":{"footnotes":""},"class_list":["post-965","page","type-page","status-publish","hentry"],"_links":{"self":[{"href":"https:\/\/kruste.selfhost.me\/wordpress\/index.php?rest_route=\/wp\/v2\/pages\/965","targetHints":{"allow":["GET"]}}],"collection":[{"href":"https:\/\/kruste.selfhost.me\/wordpress\/index.php?rest_route=\/wp\/v2\/pages"}],"about":[{"href":"https:\/\/kruste.selfhost.me\/wordpress\/index.php?rest_route=\/wp\/v2\/types\/page"}],"author":[{"embeddable":true,"href":"https:\/\/kruste.selfhost.me\/wordpress\/index.php?rest_route=\/wp\/v2\/users\/1"}],"replies":[{"embeddable":true,"href":"https:\/\/kruste.selfhost.me\/wordpress\/index.php?rest_route=%2Fwp%2Fv2%2Fcomments&post=965"}],"version-history":[{"count":2,"href":"https:\/\/kruste.selfhost.me\/wordpress\/index.php?rest_route=\/wp\/v2\/pages\/965\/revisions"}],"predecessor-version":[{"id":3233,"href":"https:\/\/kruste.selfhost.me\/wordpress\/index.php?rest_route=\/wp\/v2\/pages\/965\/revisions\/3233"}],"up":[{"embeddable":true,"href":"https:\/\/kruste.selfhost.me\/wordpress\/index.php?rest_route=\/wp\/v2\/pages\/6671"}],"wp:attachment":[{"href":"https:\/\/kruste.selfhost.me\/wordpress\/index.php?rest_route=%2Fwp%2Fv2%2Fmedia&parent=965"}],"curies":[{"name":"wp","href":"https:\/\/api.w.org\/{rel}","templated":true}]}}