{"id":977,"date":"2014-12-30T11:20:14","date_gmt":"2014-12-30T10:20:14","guid":{"rendered":"http:\/\/kruste.selfhost.me\/wordpress\/?page_id=977"},"modified":"2020-06-11T07:14:54","modified_gmt":"2020-06-11T05:14:54","slug":"region-sulawesi","status":"publish","type":"page","link":"https:\/\/kruste.selfhost.me\/wordpress\/?page_id=977","title":{"rendered":"Region Sulawesi"},"content":{"rendered":"<div id=\"pl-977\"  class=\"panel-layout\" ><div id=\"pg-977-0\"  class=\"panel-grid panel-no-style\" ><div id=\"pgc-977-0-0\"  class=\"panel-grid-cell\" ><div id=\"panel-977-0-0-0\" class=\"so-panel widget widget_black-studio-tinymce widget_black_studio_tinymce panel-first-child\" data-index=\"0\" ><div class=\"textwidget\"><hr \/>\n<p>&nbsp;<\/p>\n<\/div><\/div><div id=\"panel-977-0-0-1\" class=\"so-panel widget widget_text panel-last-child\" data-index=\"1\" >\t\t\t<div class=\"textwidget\"><p>\nAktuelle Zeit auf Sulawesi:  0:32 Uhr<br \/>\nZeitzone:  WITA<br \/>\nDie Wettervorhersage f\u00fcr die n\u00e4chsten drei Tage: <\/p>\n<\/div>\n\t\t<\/div><\/div><div id=\"pgc-977-0-1\"  class=\"panel-grid-cell\" ><div id=\"panel-977-0-1-0\" class=\"so-panel widget widget_black-studio-tinymce widget_black_studio_tinymce panel-first-child panel-last-child\" data-index=\"2\" ><div class=\"textwidget\"><p><i><\/i><\/p>\n<div class='weather-atlas-wrapper' style='background:#FF6600;border:1px solid #ee5500;color:#fff;'>\n<div class='weather-atlas-header' style='border-bottom:1px solid #ee5500'>Manado, ID<\/div>\n<div class='weather-atlas-body'>\n<div class='current_horizontal'>\n<div class='current_temp'><i class='wi wi-fw wi-weather-33'><\/i><span class='temp'>25\u00b0<\/span>\n<div class='current_text'>Leicht<\/div>\n<div class='sunrise_sunset'>05:32<i class='wi wi-fw wi-weather-32'><\/i>17:42 WITA<\/div>\n<\/div>\n<p><span class='current_text_2'>Gef\u00fchlt: 25<small>\u00b0C<\/small><br \/>Wind: 3<small>km\/h<\/small> SSE<br \/>Feuchtigkeit: 94<small>%<\/small><br \/>Druck: 1013.21<small>mbar<\/small><br \/>UV-Index: 0<\/span><\/p><\/div>\n<div class='hourly hours' style='border-bottom:1px solid #ee5500'><span class='extended_hour extended_hour_1'>1<small>h<\/small><\/span><span class='extended_hour extended_hour_2'>2<small>h<\/small><\/span><span class='extended_hour extended_hour_3'>3<small>h<\/small><\/span><span class='extended_hour extended_hour_4'>4<small>h<\/small><\/span><span class='extended_hour extended_hour_5'>5<small>h<\/small><\/span><\/div>\n<div class='hourly'><span class='extended_hour extended_hour_1' title='Teilweise Bew\u00f6lkt'>25<small>\u00b0C<\/small><br \/><i class='wi wi-fw wi-weather-29'><\/i><\/span><span class='extended_hour extended_hour_2' title='Teilweise Bew\u00f6lkt'>25<small>\u00b0C<\/small><br \/><i class='wi wi-fw wi-weather-29'><\/i><\/span><span class='extended_hour extended_hour_3' title='Teilweise Bew\u00f6lkt'>25<small>\u00b0C<\/small><br \/><i class='wi wi-fw wi-weather-29'><\/i><\/span><span class='extended_hour extended_hour_4' title='Stark Bew\u00f6lkt'>24<small>\u00b0C<\/small><br \/><i class='wi wi-fw wi-weather-27'><\/i><\/span><span class='extended_hour extended_hour_5' title='Wolkig'>24<small>\u00b0C<\/small><br \/><i class='wi wi-fw wi-weather-26'><\/i><\/span><\/div>\n<div class='daily days' style='border-bottom:1px solid #ee5500'><span class='extended_day extended_day_1'>So.<\/span><span class='extended_day extended_day_2'>Mo.<\/span><span class='extended_day extended_day_3'>Di.<\/span><\/div>\n<div class='daily'><span class='extended_day extended_day_1' title='Nachm. Schauer'>33<small>\u00b0C<\/small> \/ 24<small>\u00b0C<\/small><br \/><i class='wi wi-fw wi-weather-39'><\/i><\/span><span class='extended_day extended_day_2' title='Nachm. Schauer'>33<small>\u00b0C<\/small> \/ 24<small>\u00b0C<\/small><br \/><i class='wi wi-fw wi-weather-39'><\/i><\/span><span class='extended_day extended_day_3' title='Schauer'>33<small>\u00b0C<\/small> \/ 24<small>\u00b0C<\/small><br \/><i class='wi wi-fw wi-weather-11'><\/i><\/span><\/div>\n<\/div>\n<div class='weather-atlas-footer' style='border-top:1px solid #ee5500'><a href='https:\/\/www.weather-atlas.com\/en\/indonesia\/manado-weather-tomorrow' title='Manado, ID - Weather forecast for tomorrow' style='color:#fff'><span class='weather-atlas-footer-block'>Manado, ID<\/span> weather forecast for tomorrow &#9656;<\/a><\/div>\n<\/div>\n<p><\/p>\n<\/div><\/div><\/div><\/div><div id=\"pg-977-1\"  class=\"panel-grid panel-no-style\" ><div id=\"pgc-977-1-0\"  class=\"panel-grid-cell\" ><div id=\"panel-977-1-0-0\" class=\"so-panel widget widget_black-studio-tinymce widget_black_studio_tinymce panel-first-child panel-last-child\" data-index=\"3\" ><div class=\"textwidget\"><hr \/>\n<p>Die \"Insel\" Sulawesi liegt ganz grob zwischen Borneo und Neuguinea und ist mit seinen gut 180.000 km\u00b2 eigentlich nicht nur ein Ziel f\u00fcr Taucher. Bei meinen Reisen in diese Region habe ich mich aber nur auf diese Sportart konzentriert und konnte so wundersch\u00f6ne Korallenriffe und Str\u00e4nde besuchen. Die Anreise nach Sulawesi erfolgte meist \u00fcber Manado und war bis 2010 auch preisg\u00fcnstig und sicher mit der Air Asia m\u00f6glich. Leider hat Air Asia die Flugverbindung nach Manado eingestellt und so kann die Anreise eigentlich nur noch mit Silk Air ( einer Tochtergesellschaft der Singapore Airlines ) \u00fcber Singapur erfolgen. Diese Variante ist jedoch recht kostspielig doch\u00a0Sicherheit hat seinen Preis.<\/p>\n<p>Die Region um Zentral Sulawesi ( Palu ) besuchte ich im Jahr 2008 und meine Anreise erfolgte damals mit Batavia Air \u00fcber Balikpapan. Eine Erfahrung, die ich nur einmal machen m\u00f6chte.<\/p>\n<p>Im\u00a0Norden von Sulawesi gilt es einige wirkliche \"Taucher\" - Sch\u00e4tze zu entdecken, darunter z\u00e4hlt die Region um den National Park Bunaken, die Lembeh Street mit speziellen Tauchpl\u00e4tzen f\u00fcr Makro Fans sowie mein Lieblingsplatz, das Hausriff von\u00a0Bangka Island.<\/p>\n<p>Aber auch an Land gibt es Sehenswertes. Der\u00a0Mahawu Vulkan, das Schutzgebiet Tangkoko\u00a0oder einen Schwefelsee mit Namen Danau Linow k\u00f6nnen besucht werden, wobei der\u00a0Abstecher zum Markt in Tomohon\u00a0nur etwas f\u00fcr Hartgesottene ist. Ich habe ein paar Bilder eingestellt, die aber bitte wirklich nur Leute mit starken Nerven ansehen sollten. Es vergeht sonst der Appetit auf Fleisch.<\/p>\n<p>Leider gibt es um die Region von\u00a0Bangka Island zurzeit ( 2014 ) viele schlechte Nachrichten und Investoren versuchen entgegen der indonesischen Gesetzt, dort Bodensch\u00e4tze zu f\u00f6rdern. Sollte die Entwicklung weiter in diese Richtung gehen und die Korruption der Politiker nicht unterbunden werden, sehe ich in eine d\u00fcstere Zukunft f\u00fcr diese Region. Bangka und die sch\u00f6nsten Korallenriffe, die ich je betauchen durfte, werden so sicher zerst\u00f6rt aber auch die Region um Pulisan wird sich dann\u00a0nicht ewig gegen die geplanten Goldminen wehren k\u00f6nnen.<\/p>\n<p>Noch schaffen es die kleinen Organisationen mit Ihrem gro\u00dfen Willen den Raubbau an der Natur zu stoppen nur wie lange noch !? Unterst\u00fctzung ist angesagt und zumindest ein paar Like's auf <a href=\"https:\/\/www.facebook.com\/groups\/SaveBangkaIsland\/\" target=\"_blank\" rel=\"noopener\">Facebook<\/a> helfen auf das Problem aufmerksam zu machen.<\/p>\n<p><em>Update 2015:<\/em><\/p>\n<p>Der Prozess gegen den Betrieb der Mine wurde gewonnen, ob das auch eine Auswirkung auf die Nutzung der Mine hat, wird sich zeigen.\u00a0In Indonesien bedeutet ein Erfolg vor Gericht nicht alles.<\/p>\n<p>Aber nicht nur der Norden von Sulawesi ist eine Reise wert, auch Palu hat mir gut gefallen. Die Region ist sicher von der Infrastruktur bei weitem noch nicht so gut entwickelt wie Manado ( hier gibt es zum Bespiel eine Druckkammer f\u00fcr Tauchunf\u00e4lle ) doch auch hier sind die Korallenriffe wundersch\u00f6n. Wer Geisterpfeifenfische und kleine Seepferdchen ohne weitere Taucher bestaunen m\u00f6chte ist um Palu\u00a0goldrichtig.<\/p>\n<\/div><\/div><\/div><\/div><\/div>","protected":false},"excerpt":{"rendered":"<p>&nbsp; Die &#8222;Insel&#8220; Sulawesi liegt ganz grob zwischen Borneo und Neuguinea und ist mit seinen gut 180.000 km\u00b2 eigentlich nicht nur ein Ziel f\u00fcr Taucher.<\/p>\n","protected":false},"author":1,"featured_media":0,"parent":141,"menu_order":0,"comment_status":"closed","ping_status":"closed","template":"","meta":{"footnotes":""},"class_list":["post-977","page","type-page","status-publish","hentry"],"_links":{"self":[{"href":"https:\/\/kruste.selfhost.me\/wordpress\/index.php?rest_route=\/wp\/v2\/pages\/977","targetHints":{"allow":["GET"]}}],"collection":[{"href":"https:\/\/kruste.selfhost.me\/wordpress\/index.php?rest_route=\/wp\/v2\/pages"}],"about":[{"href":"https:\/\/kruste.selfhost.me\/wordpress\/index.php?rest_route=\/wp\/v2\/types\/page"}],"author":[{"embeddable":true,"href":"https:\/\/kruste.selfhost.me\/wordpress\/index.php?rest_route=\/wp\/v2\/users\/1"}],"replies":[{"embeddable":true,"href":"https:\/\/kruste.selfhost.me\/wordpress\/index.php?rest_route=%2Fwp%2Fv2%2Fcomments&post=977"}],"version-history":[{"count":7,"href":"https:\/\/kruste.selfhost.me\/wordpress\/index.php?rest_route=\/wp\/v2\/pages\/977\/revisions"}],"predecessor-version":[{"id":7415,"href":"https:\/\/kruste.selfhost.me\/wordpress\/index.php?rest_route=\/wp\/v2\/pages\/977\/revisions\/7415"}],"up":[{"embeddable":true,"href":"https:\/\/kruste.selfhost.me\/wordpress\/index.php?rest_route=\/wp\/v2\/pages\/141"}],"wp:attachment":[{"href":"https:\/\/kruste.selfhost.me\/wordpress\/index.php?rest_route=%2Fwp%2Fv2%2Fmedia&parent=977"}],"curies":[{"name":"wp","href":"https:\/\/api.w.org\/{rel}","templated":true}]}}